{"id":1444,"date":"2024-12-20T21:02:36","date_gmt":"2024-12-20T21:02:36","guid":{"rendered":"https:\/\/himsseurasia.com\/?page_id=1444"},"modified":"2025-12-12T10:32:21","modified_gmt":"2025-12-12T10:32:21","slug":"galeri","status":"publish","type":"page","link":"https:\/\/himsseurasia.com\/tr\/galeri\/","title":{"rendered":"Galeri"},"content":{"rendered":"\t\t<div data-elementor-type=\"wp-page\" data-elementor-id=\"1444\" class=\"elementor elementor-1444\">\n\t\t\t\t\t\t<section class=\"elementor-section elementor-top-section elementor-element elementor-element-0be2ac3 elementor-section-content-middle elementor-section-boxed elementor-section-height-default elementor-section-height-default\" data-id=\"0be2ac3\" data-element_type=\"section\" data-e-type=\"section\" data-settings=\"{&quot;background_background&quot;:&quot;classic&quot;}\">\n\t\t\t\t\t\t<div class=\"elementor-container elementor-column-gap-default\">\n\t\t\t\t\t<div class=\"elementor-column elementor-col-100 elementor-top-column elementor-element elementor-element-3672e60\" data-id=\"3672e60\" data-element_type=\"column\" data-e-type=\"column\">\n\t\t\t<div class=\"elementor-widget-wrap elementor-element-populated\">\n\t\t\t\t\t\t<div class=\"elementor-element elementor-element-9904de0 elementor-arrows-position-inside elementor-widget elementor-widget-image-carousel\" data-id=\"9904de0\" data-element_type=\"widget\" data-e-type=\"widget\" data-settings=\"{&quot;navigation&quot;:&quot;arrows&quot;,&quot;autoplay&quot;:&quot;yes&quot;,&quot;pause_on_hover&quot;:&quot;yes&quot;,&quot;pause_on_interaction&quot;:&quot;yes&quot;,&quot;autoplay_speed&quot;:5000,&quot;infinite&quot;:&quot;yes&quot;,&quot;speed&quot;:500,&quot;image_spacing_custom&quot;:{&quot;unit&quot;:&quot;px&quot;,&quot;size&quot;:20,&quot;sizes&quot;:[]},&quot;image_spacing_custom_tablet&quot;:{&quot;unit&quot;:&quot;px&quot;,&quot;size&quot;:&quot;&quot;,&quot;sizes&quot;:[]},&quot;image_spacing_custom_mobile&quot;:{&quot;unit&quot;:&quot;px&quot;,&quot;size&quot;:&quot;&quot;,&quot;sizes&quot;:[]}}\" data-widget_type=\"image-carousel.default\">\n\t\t\t\t<div class=\"elementor-widget-container\">\n\t\t\t\t\t\t\t<div class=\"elementor-image-carousel-wrapper swiper\" role=\"region\" aria-roledescription=\"carousel\" aria-label=\"Resim D\u00f6ng\u00fcs\u00fc\" dir=\"ltr\">\n\t\t\t<div class=\"elementor-image-carousel swiper-wrapper\" aria-live=\"off\">\n\t\t\t\t\t\t\t\t<div class=\"swiper-slide\" role=\"group\" aria-roledescription=\"slide\" aria-label=\"1 \/ 7\"><figure class=\"swiper-slide-inner\"><img decoding=\"async\" class=\"swiper-slide-image\" src=\"https:\/\/himsseurasia.com\/wp-content\/uploads\/2025\/12\/AHM02198.jpg\" alt=\"AHM02198\" \/><\/figure><\/div><div class=\"swiper-slide\" role=\"group\" aria-roledescription=\"slide\" aria-label=\"2 \/ 7\"><figure class=\"swiper-slide-inner\"><img decoding=\"async\" class=\"swiper-slide-image\" src=\"https:\/\/himsseurasia.com\/wp-content\/uploads\/2025\/12\/AHM01938.jpg\" alt=\"AHM01938\" \/><\/figure><\/div><div class=\"swiper-slide\" role=\"group\" aria-roledescription=\"slide\" aria-label=\"3 \/ 7\"><figure class=\"swiper-slide-inner\"><img decoding=\"async\" class=\"swiper-slide-image\" src=\"https:\/\/himsseurasia.com\/wp-content\/uploads\/2025\/12\/AHM02256.jpg\" alt=\"AHM02256\" \/><\/figure><\/div><div class=\"swiper-slide\" role=\"group\" aria-roledescription=\"slide\" aria-label=\"4 \/ 7\"><figure class=\"swiper-slide-inner\"><img decoding=\"async\" class=\"swiper-slide-image\" src=\"https:\/\/himsseurasia.com\/wp-content\/uploads\/2025\/12\/AHM02315.jpg\" alt=\"AHM02315\" \/><\/figure><\/div><div class=\"swiper-slide\" role=\"group\" aria-roledescription=\"slide\" aria-label=\"5 \/ 7\"><figure class=\"swiper-slide-inner\"><img decoding=\"async\" class=\"swiper-slide-image\" src=\"https:\/\/himsseurasia.com\/wp-content\/uploads\/2025\/12\/AHM02358.jpg\" alt=\"AHM02358\" \/><\/figure><\/div><div class=\"swiper-slide\" role=\"group\" aria-roledescription=\"slide\" aria-label=\"6 \/ 7\"><figure class=\"swiper-slide-inner\"><img decoding=\"async\" class=\"swiper-slide-image\" src=\"https:\/\/himsseurasia.com\/wp-content\/uploads\/2025\/12\/AHM02498.jpg\" alt=\"AHM02498\" \/><\/figure><\/div><div class=\"swiper-slide\" role=\"group\" aria-roledescription=\"slide\" aria-label=\"7 \/ 7\"><figure class=\"swiper-slide-inner\"><img decoding=\"async\" class=\"swiper-slide-image\" src=\"https:\/\/himsseurasia.com\/wp-content\/uploads\/2025\/12\/AHM02646.jpg\" alt=\"AHM02646\" \/><\/figure><\/div>\t\t\t<\/div>\n\t\t\t\t\t\t\t\t\t\t\t\t<div class=\"elementor-swiper-button elementor-swiper-button-prev\" role=\"button\" tabindex=\"0\">\n\t\t\t\t\t\t<i aria-hidden=\"true\" class=\"eicon-chevron-left\"><\/i>\t\t\t\t\t<\/div>\n\t\t\t\t\t<div class=\"elementor-swiper-button elementor-swiper-button-next\" role=\"button\" tabindex=\"0\">\n\t\t\t\t\t\t<i aria-hidden=\"true\" class=\"eicon-chevron-right\"><\/i>\t\t\t\t\t<\/div>\n\t\t\t\t\n\t\t\t\t\t\t\t\t\t<\/div>\n\t\t\t\t\t\t<\/div>\n\t\t\t\t<\/div>\n\t\t\t\t<div class=\"elementor-element elementor-element-7929dc5 elementor-align-center elementor-widget elementor-widget-button\" data-id=\"7929dc5\" data-element_type=\"widget\" data-e-type=\"widget\" data-widget_type=\"button.default\">\n\t\t\t\t<div class=\"elementor-widget-container\">\n\t\t\t\t\t\t\t\t\t<div class=\"elementor-button-wrapper\">\n\t\t\t\t\t<a class=\"elementor-button elementor-button-link elementor-size-sm\" href=\"https:\/\/drive.google.com\/drive\/folders\/1pxH6QMFL29ArUpSi6Yd1INcegdnwEl5a?usp=drive_link\" target=\"_blank\">\n\t\t\t\t\t\t<span class=\"elementor-button-content-wrapper\">\n\t\t\t\t\t\t\t\t\t<span class=\"elementor-button-text\">Galeriye Eri\u015fmek \u0130\u00e7in T\u0131klay\u0131n<\/span>\n\t\t\t\t\t<\/span>\n\t\t\t\t\t<\/a>\n\t\t\t\t<\/div>\n\t\t\t\t\t\t\t\t<\/div>\n\t\t\t\t<\/div>\n\t\t\t\t\t<\/div>\n\t\t<\/div>\n\t\t\t\t\t<\/div>\n\t\t<\/section>\n\t\t\t\t<\/div>\n\t\t","protected":false},"excerpt":{"rendered":"<p>Galeriye Eri\u015fmek \u0130\u00e7in T\u0131klay\u0131n<\/p>\n","protected":false},"author":1,"featured_media":0,"parent":0,"menu_order":0,"comment_status":"closed","ping_status":"closed","template":"elementor-page.php","meta":{"footnotes":""},"class_list":["post-1444","page","type-page","status-publish","hentry"],"meta_box":{"himss_overview_title_overview":"","himss_left_title":"","himss_left_subtitle":"","himss_left_description":"","himss_event_date":"","himss_event_date_list":"","himss_event_time":"","himss_event_venue":"","himss_event_organizer":"","himss_event_concurrent":"","himss_gallery_images_overview":[],"himss_overview_title_23":"","himss_overview_sub_title":"","himss_right_title":"","himss_right_subtitle":"","himss_right_description":"","himss_gallery_images":[],"himss_counter_title":"","himss_counter_first_number":"","himss_counter_first_text":"","himss_counter_second_number":"","himss_counter_second_text":"","himss_counter_third_number":"","himss_counter_third_text":"","himss_counter_fourth_number":"","himss_counter_fourth_text":"","himss_counter_fifth_number":"","himss_counter_fifth_text":"","himss_conversations_title":"","himss_conversations_first_number_title":"","himss_conversations_first_number":"","himss_conversations_first_number_text":"","himss_conversations_first_number_image":[],"himss_conversations_second_number_title":"","himss_conversations_second_number":"","himss_conversations_second_number_text":"","himss_conversations_second_number_image":[],"himss_conversations_third_number_title":"","himss_conversations_third_number":"","himss_conversations_third_number_text":"","himss_conversations_third_number_image":[],"himss_conversations_fourth_number_title":"","himss_conversations_fourth_number":"","himss_conversations_fourth_number_text":"","himss_conversations_fourth_number_image":[],"himss_broad_title":"","himss_broad_left_title":"","himss_broad_left_first_number":"","himss_broad_left_first_number_text":"","himss_broad_left_second_number":"","himss_broad_left_second_number_text":"","himss_broad_left_third_number":"","himss_broad_left_third_number_text":"","himss_broad_left_fourth_number":"","himss_broad_left_fourth_number_text":"","himss_broad_right_title":"","himss_broad_right_first_number":"","himss_broad_right_first_number_text":"","himss_broad_right_second_number":"","himss_broad_right_second_number_text":"","himss_broad_right_third_number":"","himss_broad_right_third_number_text":"","himss_broad_right_fourth_number":"","himss_broad_right_fourth_number_text":"","himss_country_title":"","himss_country_subtitle":"","himss_page_flags":[],"himss_page_reports":[],"himss_committee_title":"","himss_committee_sub_title":"","himss_committee_page_title":"","himss_committee_page_sub_title":"","himss_committee_team":[],"himss_program_overview_title":"","himss_program_overview_sub_title":"","himss_program_overview_page_title":"","himss_program_overview_page_text":"","himss_program_schedule_title":"","himss_program_schedule_sub_title":"","himss_program_schedule_page_title":"","himss_program_schedule_page_text":"","himss_program_all_session_title":"","himss_program_all_session_sub_title":"","himss_overview_title":"","himss_first_registration_info_title":"","himss_first_registration_info_sub_title":"","himss_first_registration_info_text":"","himss_first_registration_info_first_button_text":"","himss_first_registration_info_first_button_link":"","himss_second_registration_info_first_button_text":"","himss_second_registration_info_first_button_link":"","himss_second_registration_info_first_tab_title":"","himss_second_registration_info_first_tab_content_title":"","himss_second_registration_info_first_tab_steps":[],"himss_second_registration_info_first_tab_second_section_title":"","himss_second_registration_info_first_tab_second_section_table":[],"himss_second_registration_info_first_tab_second_section_second_table":[],"himss_second_registration_info_first_tab_second_section_text":"","himss_second_registration_info_second_tab_title":"","himss_second_registration_info_second_tab_table_row":[],"himss_second_registration_info_third_tab_title":"","himss_second_registration_info_third_tab_text":"","himss_second_registration_info_third_tab_faq":[],"himss_about_himss_title_speaker_information":"","himss_about_himss_sub_title":"","himss_speakers_information_page_title":"","himss_speakers_information_page_text":"","himss_about_himss_title_venue":"","himss_about_himss_sub_title_venue":"","himss_speakers_information_sub_title":"","himss_speakers_information_sub_text":"","himss_venue_images":[],"himss_about_himss_title_sponsor":"","himss_about_himss_sub_title_sponsor":"","himss_page_title_sponsor":"","himss_page_sub_title":"","himss_page_inquiry":"","himss_page_button_text":"","himss_page_button_link":"","himss_page_sponsors_main_title":"","himss_about_himss_title":"","himss_box_image":[],"himss_box_text":"","himss_box_button_text":"","himss_box_button_link":"","himss_page_title":"","himss_page_text":"","himss_homepage_banner_background_image":false,"himss_homepage_banner_slogan_image":false,"himss_homepage_banner_title":"","himss_homepage_exhibit_button_text":"","himss_homepage_exhibit_button_url":"","himss_homepage_register_button_text":"","himss_homepage_register_button_url":"","himss_homepage_third_button_text":"","himss_homepage_third_button_link":"","himss_homepage_slider_left_title":"","himss_homepage_slider_left_content":"","himss_homepage_slider_middle_title":"","himss_homepage_slider_middle_content":"","himss_homepage_slider_right_title":"","himss_homepage_slider_right_content":"","himss_homepage_speakers":[],"himss_homepage_infoboxes":[],"himss_homepage_logos":[],"himss_homepage_flags":[],"himss_homepage_flag_section_title":"","himss_homepage_why_title":"","himss_homepage_why_left_title":"","himss_homepage_why_left_image":false,"himss_homepage_why_left_content":"","himss_homepage_why_right_title":"","himss_homepage_why_right_image":false,"himss_homepage_why_right_content":"","himss_homepage_youtube_section_title":"","himss_homepage_youtube_section_subtitle":"","himss_homepage_youtube_section_content":"","himss_homepage_youtube_video_url":"","himss_homepage_involved_section_title":"","himss_homepage_involved_sponsorship_title":"","himss_homepage_involved_sponsorship_content":"","himss_homepage_involved_sponsorship_button_text":"","himss_homepage_involved_sponsorship_button_url":"","himss_homepage_involved_registration_title":"","himss_homepage_involved_registration_content":"","himss_homepage_involved_registration_button_text":"","himss_homepage_involved_registration_button_url":"","homepage_video_url":""},"_links":{"self":[{"href":"https:\/\/himsseurasia.com\/tr\/wp-json\/wp\/v2\/pages\/1444","targetHints":{"allow":["GET"]}}],"collection":[{"href":"https:\/\/himsseurasia.com\/tr\/wp-json\/wp\/v2\/pages"}],"about":[{"href":"https:\/\/himsseurasia.com\/tr\/wp-json\/wp\/v2\/types\/page"}],"author":[{"embeddable":true,"href":"https:\/\/himsseurasia.com\/tr\/wp-json\/wp\/v2\/users\/1"}],"replies":[{"embeddable":true,"href":"https:\/\/himsseurasia.com\/tr\/wp-json\/wp\/v2\/comments?post=1444"}],"version-history":[{"count":34,"href":"https:\/\/himsseurasia.com\/tr\/wp-json\/wp\/v2\/pages\/1444\/revisions"}],"predecessor-version":[{"id":2820,"href":"https:\/\/himsseurasia.com\/tr\/wp-json\/wp\/v2\/pages\/1444\/revisions\/2820"}],"wp:attachment":[{"href":"https:\/\/himsseurasia.com\/tr\/wp-json\/wp\/v2\/media?parent=1444"}],"curies":[{"name":"wp","href":"https:\/\/api.w.org\/{rel}","templated":true}]}}