{"id":1842,"date":"2025-10-15T03:04:15","date_gmt":"2025-10-15T03:04:15","guid":{"rendered":"https:\/\/himsseurasia.com\/?page_id=1842"},"modified":"2025-10-15T03:16:43","modified_gmt":"2025-10-15T03:16:43","slug":"iletisim","status":"publish","type":"page","link":"https:\/\/himsseurasia.com\/tr\/iletisim\/","title":{"rendered":"\u0130leti\u015fim"},"content":{"rendered":"\t\t<div data-elementor-type=\"wp-page\" data-elementor-id=\"1842\" class=\"elementor elementor-1842\">\n\t\t\t\t\t\t<section class=\"elementor-section elementor-top-section elementor-element elementor-element-39a4c96 elementor-section-boxed elementor-section-height-default elementor-section-height-default\" data-id=\"39a4c96\" data-element_type=\"section\" data-e-type=\"section\">\n\t\t\t\t\t\t<div class=\"elementor-container elementor-column-gap-default\">\n\t\t\t\t\t<div class=\"elementor-column elementor-col-100 elementor-top-column elementor-element elementor-element-da38034\" data-id=\"da38034\" data-element_type=\"column\" data-e-type=\"column\">\n\t\t\t<div class=\"elementor-widget-wrap elementor-element-populated\">\n\t\t\t\t\t\t<div class=\"elementor-element elementor-element-48999ac elementor-widget elementor-widget-html\" data-id=\"48999ac\" data-element_type=\"widget\" data-e-type=\"widget\" data-widget_type=\"html.default\">\n\t\t\t\t<div class=\"elementor-widget-container\">\n\t\t\t\t\t<style>\n.himss-contact-header {\n    text-align: center;\n    margin-bottom: 50px;\n}\n\n.himss-contact-header h1 {\n    color: #1e22aa;\n    font-size: 36px;\n    font-weight: 700;\n    margin-bottom: 20px;\n}\n\n.himss-contact-header p {\n    color: #666;\n    font-size: 16px;\n    line-height: 1.8;\n    max-width: 800px;\n    margin: 0 auto;\n}\n\n.himss-contact-grid {\n    display: grid;\n    grid-template-columns: repeat(auto-fit, minmax(300px, 1fr));\n    gap: 25px;\n    margin: 0 auto;\n}\n\n.himss-contact-card {\n    background: white;\n    border-radius: 8px;\n    padding: 40px 30px;\n    box-shadow: 0 2px 8px rgba(0, 0, 0, 0.08);\n    transition: all 0.3s ease;\n}\n\n.himss-contact-card:hover {\n    box-shadow: 0 4px 16px rgba(30, 34, 170, 0.15);\n    transform: translateY(-2px);\n}\n\n.himss-card-title {\n    color: #1e22aa;\n    font-size: 22px;\n    font-weight: 700;\n    margin-bottom: 20px;\n    line-height: 1.4;\n}\n\n.himss-contact-info {\n    color: #666;\n   \n    line-height: 1.8;\n}\n\n.himss-contact-info p {\n    margin-bottom: 8px;\n}\n\n.himss-contact-info strong {\n    color: #333;\n    display: block;\n    margin-bottom: 4px;\n}\n\n.himss-contact-info a {\n    color: #666;\n    text-decoration: none;\n    transition: color 0.3s ease;\n}\n\n.himss-contact-info a:hover {\n    color: #1e22aa;\n}\n\n@media (max-width: 768px) {\n    .himss-contact-grid {\n        grid-template-columns: 1fr;\n        gap: 20px;\n    }\n\n    .himss-contact-card {\n        padding: 30px 25px;\n    }\n\n}\n<\/style>\n\n<div class=\"himss-contact-header\">\n    <h1>Bize Ula\u015f\u0131n<\/h1>\n    <p>HIMSS Eurasia 2025 ile ilgili yard\u0131ma m\u0131 ihtiyac\u0131n\u0131z var? Uzman ekibimiz kay\u0131t deste\u011fi ve program bilgileri konusunda size yard\u0131mc\u0131 olmaya haz\u0131r. Kat\u0131l\u0131mc\u0131 veya konu\u015fmac\u0131 olman\u0131z fark etmeksizin, HIMSS Eurasia 2025 destek ekibi konferans deneyiminizin sorunsuz ge\u00e7mesini sa\u011flamak i\u00e7in burada.<\/p>\n    <p style=\"margin-top: 15px;\">Ki\u015fiselle\u015ftirilmi\u015f HIMSS Eurasia 2025 deste\u011fi ve bilgi almak i\u00e7in bug\u00fcn bizimle ileti\u015fime ge\u00e7in.<\/p>\n<\/div>\n\n<div class=\"himss-contact-grid\">\n    <!-- Sponsorluk ve \u0130\u015f Birli\u011fi -->\n    <div class=\"himss-contact-card\">\n        <h2 class=\"himss-card-title\">Sponsorluk ve \u0130\u015f Birli\u011fi Talepleri<\/h2>\n        <div class=\"himss-contact-info\">\n            <strong>\u015eule Ebrar Bilgi<\/strong>\n            <p><a href=\"tel:+905548912545\">+90 554 891 25 45<\/a><\/p>\n            <p><a href=\"mailto:ebrar.bilgi@ekspoturk.com\">ebrar.bilgi@ekspoturk.com<\/a><\/p>\n        <\/div>\n    <\/div>\n\n    <!-- Kay\u0131t ve Konaklama -->\n    <div class=\"himss-contact-card\">\n        <h2 class=\"himss-card-title\">Kay\u0131t ve Konaklama ile \u0130lgili Sorular<\/h2>\n        <div class=\"himss-contact-info\">\n            <strong>Ceren Ilbira<\/strong>\n            <p><a href=\"tel:+905546856233\">+90 554 685 62 33<\/a><\/p>\n            <p><a href=\"mailto:ceren.ilbira@ekspoturk.com\">ceren.ilbira@ekspoturk.com<\/a><\/p>\n        <\/div>\n    <\/div>\n\n    <!-- Protokol Y\u00f6netimi -->\n    <div class=\"himss-contact-card\">\n        <h2 class=\"himss-card-title\">Protokol Y\u00f6netimi<\/h2>\n        <div class=\"himss-contact-info\">\n            <strong>Hande Uysal Sak<\/strong>\n            <p><a href=\"tel:+905323401856\">+90 532 340 18 56<\/a><\/p>\n            <p><a href=\"mailto:hande.uysal@ekspoturk.com\">hande.uysal@ekspoturk.com<\/a><\/p>\n        <\/div>\n    <\/div>\n<\/div>\n\t\t\t\t<\/div>\n\t\t\t\t<\/div>\n\t\t\t\t\t<\/div>\n\t\t<\/div>\n\t\t\t\t\t<\/div>\n\t\t<\/section>\n\t\t\t\t<\/div>\n\t\t","protected":false},"excerpt":{"rendered":"<p>Bize Ula\u015f\u0131n HIMSS Eurasia 2025 ile ilgili yard\u0131ma m\u0131 ihtiyac\u0131n\u0131z var? Uzman ekibimiz kay\u0131t deste\u011fi ve program bilgileri konusunda size yard\u0131mc\u0131 olmaya haz\u0131r. Kat\u0131l\u0131mc\u0131 veya konu\u015fmac\u0131 olman\u0131z fark etmeksizin, HIMSS Eurasia 2025 destek ekibi konferans deneyiminizin sorunsuz ge\u00e7mesini sa\u011flamak i\u00e7in burada. Ki\u015fiselle\u015ftirilmi\u015f HIMSS Eurasia 2025 deste\u011fi ve bilgi almak i\u00e7in bug\u00fcn bizimle ileti\u015fime ge\u00e7in. Sponsorluk [&hellip;]<\/p>\n","protected":false},"author":1,"featured_media":0,"parent":0,"menu_order":0,"comment_status":"closed","ping_status":"closed","template":"page-new.php","meta":{"footnotes":""},"class_list":["post-1842","page","type-page","status-publish","hentry"],"meta_box":{"himss_overview_title_overview":"","himss_left_title":"","himss_left_subtitle":"","himss_left_description":"","himss_event_date":"","himss_event_date_list":"","himss_event_time":"","himss_event_venue":"","himss_event_organizer":"","himss_event_concurrent":"","himss_gallery_images_overview":[],"himss_overview_title_23":"","himss_overview_sub_title":"","himss_right_title":"","himss_right_subtitle":"","himss_right_description":"","himss_gallery_images":[],"himss_counter_title":"","himss_counter_first_number":"","himss_counter_first_text":"","himss_counter_second_number":"","himss_counter_second_text":"","himss_counter_third_number":"","himss_counter_third_text":"","himss_counter_fourth_number":"","himss_counter_fourth_text":"","himss_counter_fifth_number":"","himss_counter_fifth_text":"","himss_conversations_title":"","himss_conversations_first_number_title":"","himss_conversations_first_number":"","himss_conversations_first_number_text":"","himss_conversations_first_number_image":[],"himss_conversations_second_number_title":"","himss_conversations_second_number":"","himss_conversations_second_number_text":"","himss_conversations_second_number_image":[],"himss_conversations_third_number_title":"","himss_conversations_third_number":"","himss_conversations_third_number_text":"","himss_conversations_third_number_image":[],"himss_conversations_fourth_number_title":"","himss_conversations_fourth_number":"","himss_conversations_fourth_number_text":"","himss_conversations_fourth_number_image":[],"himss_broad_title":"","himss_broad_left_title":"","himss_broad_left_first_number":"","himss_broad_left_first_number_text":"","himss_broad_left_second_number":"","himss_broad_left_second_number_text":"","himss_broad_left_third_number":"","himss_broad_left_third_number_text":"","himss_broad_left_fourth_number":"","himss_broad_left_fourth_number_text":"","himss_broad_right_title":"","himss_broad_right_first_number":"","himss_broad_right_first_number_text":"","himss_broad_right_second_number":"","himss_broad_right_second_number_text":"","himss_broad_right_third_number":"","himss_broad_right_third_number_text":"","himss_broad_right_fourth_number":"","himss_broad_right_fourth_number_text":"","himss_country_title":"","himss_country_subtitle":"","himss_page_flags":[],"himss_page_reports":[],"himss_committee_title":"","himss_committee_sub_title":"","himss_committee_page_title":"","himss_committee_page_sub_title":"","himss_committee_team":[],"himss_program_overview_title":"","himss_program_overview_sub_title":"","himss_program_overview_page_title":"","himss_program_overview_page_text":"","himss_program_schedule_title":"","himss_program_schedule_sub_title":"","himss_program_schedule_page_title":"","himss_program_schedule_page_text":"","himss_program_all_session_title":"","himss_program_all_session_sub_title":"","himss_overview_title":"","himss_first_registration_info_title":"","himss_first_registration_info_sub_title":"","himss_first_registration_info_text":"","himss_first_registration_info_first_button_text":"","himss_first_registration_info_first_button_link":"","himss_second_registration_info_first_button_text":"","himss_second_registration_info_first_button_link":"","himss_second_registration_info_first_tab_title":"","himss_second_registration_info_first_tab_content_title":"","himss_second_registration_info_first_tab_steps":[],"himss_second_registration_info_first_tab_second_section_title":"","himss_second_registration_info_first_tab_second_section_table":[],"himss_second_registration_info_first_tab_second_section_second_table":[],"himss_second_registration_info_first_tab_second_section_text":"","himss_second_registration_info_second_tab_title":"","himss_second_registration_info_second_tab_table_row":[],"himss_second_registration_info_third_tab_title":"","himss_second_registration_info_third_tab_text":"","himss_second_registration_info_third_tab_faq":[],"himss_about_himss_title_speaker_information":"","himss_about_himss_sub_title":"","himss_speakers_information_page_title":"","himss_speakers_information_page_text":"","himss_about_himss_title_venue":"","himss_about_himss_sub_title_venue":"","himss_speakers_information_sub_title":"","himss_speakers_information_sub_text":"","himss_venue_images":[],"himss_about_himss_title_sponsor":"","himss_about_himss_sub_title_sponsor":"","himss_page_title_sponsor":"","himss_page_sub_title":"","himss_page_inquiry":"","himss_page_button_text":"","himss_page_button_link":"","himss_page_sponsors_main_title":"","himss_about_himss_title":"","himss_box_image":[],"himss_box_text":"","himss_box_button_text":"","himss_box_button_link":"","himss_page_title":"","himss_page_text":"","himss_homepage_banner_background_image":false,"himss_homepage_banner_slogan_image":false,"himss_homepage_banner_title":"","himss_homepage_exhibit_button_text":"","himss_homepage_exhibit_button_url":"","himss_homepage_register_button_text":"","himss_homepage_register_button_url":"","himss_homepage_third_button_text":"","himss_homepage_third_button_link":"","himss_homepage_slider_left_title":"","himss_homepage_slider_left_content":"","himss_homepage_slider_middle_title":"","himss_homepage_slider_middle_content":"","himss_homepage_slider_right_title":"","himss_homepage_slider_right_content":"","himss_homepage_speakers":[],"himss_homepage_infoboxes":[],"himss_homepage_logos":[],"himss_homepage_flags":[],"himss_homepage_flag_section_title":"","himss_homepage_why_title":"","himss_homepage_why_left_title":"","himss_homepage_why_left_image":false,"himss_homepage_why_left_content":"","himss_homepage_why_right_title":"","himss_homepage_why_right_image":false,"himss_homepage_why_right_content":"","himss_homepage_youtube_section_title":"","himss_homepage_youtube_section_subtitle":"","himss_homepage_youtube_section_content":"","himss_homepage_youtube_video_url":"","himss_homepage_involved_section_title":"","himss_homepage_involved_sponsorship_title":"","himss_homepage_involved_sponsorship_content":"","himss_homepage_involved_sponsorship_button_text":"","himss_homepage_involved_sponsorship_button_url":"","himss_homepage_involved_registration_title":"","himss_homepage_involved_registration_content":"","himss_homepage_involved_registration_button_text":"","himss_homepage_involved_registration_button_url":"","homepage_video_url":""},"_links":{"self":[{"href":"https:\/\/himsseurasia.com\/tr\/wp-json\/wp\/v2\/pages\/1842","targetHints":{"allow":["GET"]}}],"collection":[{"href":"https:\/\/himsseurasia.com\/tr\/wp-json\/wp\/v2\/pages"}],"about":[{"href":"https:\/\/himsseurasia.com\/tr\/wp-json\/wp\/v2\/types\/page"}],"author":[{"embeddable":true,"href":"https:\/\/himsseurasia.com\/tr\/wp-json\/wp\/v2\/users\/1"}],"replies":[{"embeddable":true,"href":"https:\/\/himsseurasia.com\/tr\/wp-json\/wp\/v2\/comments?post=1842"}],"version-history":[{"count":10,"href":"https:\/\/himsseurasia.com\/tr\/wp-json\/wp\/v2\/pages\/1842\/revisions"}],"predecessor-version":[{"id":1853,"href":"https:\/\/himsseurasia.com\/tr\/wp-json\/wp\/v2\/pages\/1842\/revisions\/1853"}],"wp:attachment":[{"href":"https:\/\/himsseurasia.com\/tr\/wp-json\/wp\/v2\/media?parent=1842"}],"curies":[{"name":"wp","href":"https:\/\/api.w.org\/{rel}","templated":true}]}}