{"id":1861,"date":"2025-10-15T03:19:10","date_gmt":"2025-10-15T03:19:10","guid":{"rendered":"https:\/\/himsseurasia.com\/?page_id=1861"},"modified":"2026-02-24T12:07:02","modified_gmt":"2026-02-24T12:07:02","slug":"sss","status":"publish","type":"page","link":"https:\/\/himsseurasia.com\/tr\/sss\/","title":{"rendered":"SSS"},"content":{"rendered":"\t\t<div data-elementor-type=\"wp-page\" data-elementor-id=\"1861\" class=\"elementor elementor-1861\">\n\t\t\t\t\t\t<section class=\"elementor-section elementor-top-section elementor-element elementor-element-72b96cd elementor-section-boxed elementor-section-height-default elementor-section-height-default\" data-id=\"72b96cd\" data-element_type=\"section\" data-e-type=\"section\">\n\t\t\t\t\t\t<div class=\"elementor-container elementor-column-gap-default\">\n\t\t\t\t\t<div class=\"elementor-column elementor-col-100 elementor-top-column elementor-element elementor-element-0d5d14e\" data-id=\"0d5d14e\" data-element_type=\"column\" data-e-type=\"column\">\n\t\t\t<div class=\"elementor-widget-wrap elementor-element-populated\">\n\t\t\t\t\t\t<div class=\"elementor-element elementor-element-12cffaf elementor-widget elementor-widget-html\" data-id=\"12cffaf\" data-element_type=\"widget\" data-e-type=\"widget\" data-widget_type=\"html.default\">\n\t\t\t\t<div class=\"elementor-widget-container\">\n\t\t\t\t\t<style>\n.himss-faq-section {\n    margin: 60px auto;\n}\n\n.himss-faq-header {\n    text-align: center;\n    margin-bottom: 50px;\n}\n\n.himss-faq-header h1 {\n    color: #1e22aa;\n    font-size: 36px;\n    font-weight: 700;\n    margin-bottom: 10px;\n}\n\n.himss-faq-category {\n    margin-bottom: 40px;\n}\n\n.himss-faq-category-title {\n    color: #1e22aa;\n    font-size: 24px;\n    font-weight: 700;\n    margin-bottom: 25px;\n    padding-bottom: 10px;\n    border-bottom: 2px solid #1e22aa;\n}\n\n.himss-faq-item {\n    background: white;\n    border-radius: 8px;\n    padding: 25px 30px;\n    margin-bottom: 15px;\n    box-shadow: 0 2px 8px rgba(0, 0, 0, 0.08);\n    transition: all 0.3s ease;\n}\n\n.himss-faq-item:hover {\n    box-shadow: 0 4px 16px rgba(30, 34, 170, 0.15);\n    transform: translateY(-2px);\n}\n\n.himss-faq-question {\n    color: #333;\n    font-size: 18px;\n    font-weight: 600;\n    margin-bottom: 12px;\n    line-height: 1.4;\n}\n\n.himss-faq-answer {\n    color: #666;\n    font-size: 16px;\n    line-height: 1.8;\n}\n\n.himss-faq-answer a {\n    color: #1e22aa;\n    text-decoration: none;\n    transition: color 0.3s ease;\n}\n\n.himss-faq-answer a:hover {\n    text-decoration: underline;\n}\n\n.himss-faq-answer ul {\n    margin: 10px 0;\n    padding-left: 20px;\n}\n\n.himss-faq-answer li {\n    margin-bottom: 5px;\n}\n\n@media (max-width: 768px) {\n    .himss-faq-header h1 {\n        font-size: 28px;\n    }\n\n    .himss-faq-category-title {\n        font-size: 20px;\n    }\n\n    .himss-faq-question {\n        font-size: 16px;\n    }\n\n    .himss-faq-answer {\n        font-size: 15px;\n    }\n\n    .himss-faq-item {\n        padding: 20px;\n    }\n}\n<\/style>\n\n<div class=\"himss-faq-section\">\n    <div class=\"himss-faq-header\">\n        <h1>S\u0131k\u00e7a Sorulan Sorular<\/h1>\n    <\/div>\n\n    <!-- KAYIT -->\n    <div class=\"himss-faq-category\">\n        <h2 class=\"himss-faq-category-title\">KAYIT<\/h2>\n\n        <div class=\"himss-faq-item\">\n            <div class=\"himss-faq-question\">HIMSS Eurasia 2026 i\u00e7in ne zaman kay\u0131t yapt\u0131rabilirim?<\/div>\n            <div class=\"himss-faq-answer\">\n                Kay\u0131tlar ba\u015flad\u0131. Kay\u0131t olmak i\u00e7in <a href=\"https:\/\/himsseurasia.com\/himss2025\/register.php\" target=\"_blank\">t\u0131klay\u0131n\u0131z<\/a>\n            <\/div>\n        <\/div>\n\n        <div class=\"himss-faq-item\">\n            <div class=\"himss-faq-question\">Hangi t\u00fcr kay\u0131t se\u00e7enekleri mevcut?<\/div>\n            <div class=\"himss-faq-answer\">\n                HIMSS Eurasia 2026 etkinli\u011fimizde Sa\u011fl\u0131k Bakanl\u0131\u011f\u0131 mensuplar\u0131, \u00d6zel Hastane y\u00f6neticileri ve \u00f6zel sekt\u00f6rden firmalar olmak \u00fczere farkl\u0131 kay\u0131t t\u00fcrlerimiz mevcut. Size uygun olan kay\u0131t t\u00fcr\u00fc ile kayd\u0131n\u0131z\u0131 tamamlayabilirsiniz.\n            <\/div>\n        <\/div>\n\n        <div class=\"himss-faq-item\">\n            <div class=\"himss-faq-question\">HIMSS Eurasia 2026 nerede ger\u00e7ekle\u015ftirilecek?<\/div>\n            <div class=\"himss-faq-answer\">\n                HIMSS Eurasia 2026, Antalya, Belek'te Susesi Luxury Resort'ta d\u00fczenlenecektir.\n                <br><br>\n                Etkinlik i\u00e7in ayr\u0131lan di\u011fer oteller \u015funlard\u0131r:\n                <ul>\n                    <li>Granada Luxury Belek<\/li>\n                    <li>Kremlin Palace<\/li>\n                <\/ul>\n            <\/div>\n        <\/div>\n\n        <div class=\"himss-faq-item\">\n            <div class=\"himss-faq-question\">Yaka kart\u0131m\u0131 nereden alabilirim?<\/div>\n            <div class=\"himss-faq-answer\">\n                Yaka kart\u0131n\u0131 almak i\u00e7in resmi kimlik gereklidir. Ekibimiz, giri\u015f alan\u0131ndaki kay\u0131t masas\u0131nda yaka kart\u0131n\u0131z\u0131 teslim etmek i\u00e7in sizi bekliyor olacak.\n            <\/div>\n        <\/div>\n\n        <div class=\"himss-faq-item\">\n            <div class=\"himss-faq-question\">Kay\u0131t onay\u0131m\u0131 nas\u0131l al\u0131r\u0131m?<\/div>\n            <div class=\"himss-faq-answer\">\n                Kay\u0131t onaylar\u0131, kay\u0131t i\u015flemi tamamland\u0131\u011f\u0131nda otomatik olarak kat\u0131l\u0131mc\u0131n\u0131n e-posta adresine g\u00f6nderilir. Onay\u0131 almad\u0131ysan\u0131z ileti\u015fim sayfam\u0131zda bilgileri bulunan kay\u0131t sorumlusu ekip arkada\u015flar\u0131m\u0131zla irtibata ge\u00e7ebilirsiniz.\n            <\/div>\n        <\/div>\n\n        <div class=\"himss-faq-item\">\n            <div class=\"himss-faq-question\">HIMSS Eurasia 2026'da konu\u015fmac\u0131y\u0131m. Sonraki ad\u0131mlar neler?<\/div>\n            <div class=\"himss-faq-answer\">\n                Etkinli\u011fimiz i\u00e7in taraf\u0131n\u0131za yap\u0131lan konu\u015fmac\u0131 davetiyesi ve mail eklerinde belirtilen y\u00f6nergelere uyman\u0131z\u0131 rica ederiz. Herhangi bir sorunuz olursa bizimle irtibata ge\u00e7mekten \u00e7ekinmeyiniz.\n            <\/div>\n        <\/div>\n    <\/div>\n\n    <!-- NASIL YAPILIR -->\n    <div class=\"himss-faq-category\">\n        <h2 class=\"himss-faq-category-title\">NASIL YAPILIR<\/h2>\n\n        <div class=\"himss-faq-item\">\n            <div class=\"himss-faq-question\">Kay\u0131t oldum ama onay e-postas\u0131 almad\u0131m. Yeniden g\u00f6nderilmesini nas\u0131l sa\u011flayabilirim?<\/div>\n            <div class=\"himss-faq-answer\">\n                Kayd\u0131n\u0131z ile ilgili teyit almak i\u00e7in <a href=\"mailto:ceren.ilbira@ekspoturk.com\">ceren.ilbira@ekspoturk.com<\/a> adresine mail ge\u00e7ebilirsiniz.\n            <\/div>\n        <\/div>\n\n        <div class=\"himss-faq-item\">\n            <div class=\"himss-faq-question\">Hangi \u00f6deme y\u00f6ntemleri kabul ediliyor?<\/div>\n            <div class=\"himss-faq-answer\">\n                Etkinlik kay\u0131tlar\u0131m\u0131z online al\u0131n\u0131yor olup, \u00f6deme se\u00e7ene\u011fi olarak Havale\/EFT veya online \u00f6deme y\u00f6ntemlerini se\u00e7ebilirsiniz.\n            <\/div>\n        <\/div>\n\n        <div class=\"himss-faq-item\">\n            <div class=\"himss-faq-question\">Vize almak i\u00e7in bir mektuba ihtiyac\u0131m var. Kiminle ileti\u015fime ge\u00e7meliyim?<\/div>\n            <div class=\"himss-faq-answer\">\n                Konferansa kat\u0131lmak i\u00e7in vizeye ihtiyac\u0131n\u0131z varsa, bu belgeleri <a href=\"mailto:ceren.ilbira@ekspoturk.com\">ceren.ilbira@ekspoturk.com<\/a> adresinden talep edebilirsiniz.\n            <\/div>\n        <\/div>\n\n        <div class=\"himss-faq-item\">\n            <div class=\"himss-faq-question\">Grup kay\u0131tlar\u0131 i\u00e7in indirim var m\u0131?<\/div>\n            <div class=\"himss-faq-answer\">\n                Grup kay\u0131t \u00fccretleri i\u00e7in <a href=\"mailto:ceren.ilbira@ekspoturk.com\">ceren.ilbira@ekspoturk.com<\/a> adresi ile ileti\u015fime ge\u00e7ebilirsiniz.\n            <\/div>\n        <\/div>\n    <\/div>\n\n    <!-- KATILIMCILAR -->\n    <div class=\"himss-faq-category\">\n        <h2 class=\"himss-faq-category-title\">KATILIMCILAR<\/h2>\n\n        <div class=\"himss-faq-item\">\n            <div class=\"himss-faq-question\">Stand alan\u0131 veya sponsorluk f\u0131rsatlar\u0131yla ilgili sorular\u0131m veya ilgim var. Kiminle ileti\u015fime ge\u00e7meliyim?<\/div>\n            <div class=\"himss-faq-answer\">\n                T\u00fcm stand alan\u0131, sponsorluk ve pazarlama f\u0131rsatlar\u0131yla ilgili olarak <a href=\"mailto:ebrar.bilgi@ekspoturk.com\">ebrar.bilgi@ekspoturk.com<\/a> ile ileti\u015fime ge\u00e7ebilirsiniz.\n            <\/div>\n        <\/div>\n    <\/div>\n<\/div>\n\t\t\t\t<\/div>\n\t\t\t\t<\/div>\n\t\t\t\t\t<\/div>\n\t\t<\/div>\n\t\t\t\t\t<\/div>\n\t\t<\/section>\n\t\t\t\t<\/div>\n\t\t","protected":false},"excerpt":{"rendered":"<p>S\u0131k\u00e7a Sorulan Sorular KAYIT HIMSS Eurasia 2026 i\u00e7in ne zaman kay\u0131t yapt\u0131rabilirim? Kay\u0131tlar ba\u015flad\u0131. Kay\u0131t olmak i\u00e7in t\u0131klay\u0131n\u0131z Hangi t\u00fcr kay\u0131t se\u00e7enekleri mevcut? HIMSS Eurasia 2026 etkinli\u011fimizde Sa\u011fl\u0131k Bakanl\u0131\u011f\u0131 mensuplar\u0131, \u00d6zel Hastane y\u00f6neticileri ve \u00f6zel sekt\u00f6rden firmalar olmak \u00fczere farkl\u0131 kay\u0131t t\u00fcrlerimiz mevcut. Size uygun olan kay\u0131t t\u00fcr\u00fc ile kayd\u0131n\u0131z\u0131 tamamlayabilirsiniz. HIMSS Eurasia 2026 nerede [&hellip;]<\/p>\n","protected":false},"author":1,"featured_media":0,"parent":0,"menu_order":0,"comment_status":"closed","ping_status":"closed","template":"page-new.php","meta":{"footnotes":""},"class_list":["post-1861","page","type-page","status-publish","hentry"],"meta_box":{"himss_overview_title_overview":"","himss_left_title":"","himss_left_subtitle":"","himss_left_description":"","himss_event_date":"","himss_event_date_list":"","himss_event_time":"","himss_event_venue":"","himss_event_organizer":"","himss_event_concurrent":"","himss_gallery_images_overview":[],"himss_overview_title_23":"","himss_overview_sub_title":"","himss_right_title":"","himss_right_subtitle":"","himss_right_description":"","himss_gallery_images":[],"himss_counter_title":"","himss_counter_first_number":"","himss_counter_first_text":"","himss_counter_second_number":"","himss_counter_second_text":"","himss_counter_third_number":"","himss_counter_third_text":"","himss_counter_fourth_number":"","himss_counter_fourth_text":"","himss_counter_fifth_number":"","himss_counter_fifth_text":"","himss_conversations_title":"","himss_conversations_first_number_title":"","himss_conversations_first_number":"","himss_conversations_first_number_text":"","himss_conversations_first_number_image":[],"himss_conversations_second_number_title":"","himss_conversations_second_number":"","himss_conversations_second_number_text":"","himss_conversations_second_number_image":[],"himss_conversations_third_number_title":"","himss_conversations_third_number":"","himss_conversations_third_number_text":"","himss_conversations_third_number_image":[],"himss_conversations_fourth_number_title":"","himss_conversations_fourth_number":"","himss_conversations_fourth_number_text":"","himss_conversations_fourth_number_image":[],"himss_broad_title":"","himss_broad_left_title":"","himss_broad_left_first_number":"","himss_broad_left_first_number_text":"","himss_broad_left_second_number":"","himss_broad_left_second_number_text":"","himss_broad_left_third_number":"","himss_broad_left_third_number_text":"","himss_broad_left_fourth_number":"","himss_broad_left_fourth_number_text":"","himss_broad_right_title":"","himss_broad_right_first_number":"","himss_broad_right_first_number_text":"","himss_broad_right_second_number":"","himss_broad_right_second_number_text":"","himss_broad_right_third_number":"","himss_broad_right_third_number_text":"","himss_broad_right_fourth_number":"","himss_broad_right_fourth_number_text":"","himss_country_title":"","himss_country_subtitle":"","himss_page_flags":[],"himss_page_reports":[],"himss_committee_title":"","himss_committee_sub_title":"","himss_committee_page_title":"","himss_committee_page_sub_title":"","himss_committee_team":[],"himss_program_overview_title":"","himss_program_overview_sub_title":"","himss_program_overview_page_title":"","himss_program_overview_page_text":"","himss_program_schedule_title":"","himss_program_schedule_sub_title":"","himss_program_schedule_page_title":"","himss_program_schedule_page_text":"","himss_program_all_session_title":"","himss_program_all_session_sub_title":"","himss_overview_title":"","himss_first_registration_info_title":"","himss_first_registration_info_sub_title":"","himss_first_registration_info_text":"","himss_first_registration_info_first_button_text":"","himss_first_registration_info_first_button_link":"","himss_second_registration_info_first_button_text":"","himss_second_registration_info_first_button_link":"","himss_second_registration_info_first_tab_title":"","himss_second_registration_info_first_tab_content_title":"","himss_second_registration_info_first_tab_steps":[],"himss_second_registration_info_first_tab_second_section_title":"","himss_second_registration_info_first_tab_second_section_table":[],"himss_second_registration_info_first_tab_second_section_second_table":[],"himss_second_registration_info_first_tab_second_section_text":"","himss_second_registration_info_second_tab_title":"","himss_second_registration_info_second_tab_table_row":[],"himss_second_registration_info_third_tab_title":"","himss_second_registration_info_third_tab_text":"","himss_second_registration_info_third_tab_faq":[],"himss_about_himss_title_speaker_information":"","himss_about_himss_sub_title":"","himss_speakers_information_page_title":"","himss_speakers_information_page_text":"","himss_about_himss_title_venue":"","himss_about_himss_sub_title_venue":"","himss_speakers_information_sub_title":"","himss_speakers_information_sub_text":"","himss_venue_images":[],"himss_about_himss_title_sponsor":"","himss_about_himss_sub_title_sponsor":"","himss_page_title_sponsor":"","himss_page_sub_title":"","himss_page_inquiry":"","himss_page_button_text":"","himss_page_button_link":"","himss_page_sponsors_main_title":"","himss_about_himss_title":"","himss_box_image":[],"himss_box_text":"","himss_box_button_text":"","himss_box_button_link":"","himss_page_title":"","himss_page_text":"","himss_homepage_banner_background_image":false,"himss_homepage_banner_slogan_image":false,"himss_homepage_banner_title":"","himss_homepage_exhibit_button_text":"","himss_homepage_exhibit_button_url":"","himss_homepage_register_button_text":"","himss_homepage_register_button_url":"","himss_homepage_third_button_text":"","himss_homepage_third_button_link":"","himss_homepage_slider_left_title":"","himss_homepage_slider_left_content":"","himss_homepage_slider_middle_title":"","himss_homepage_slider_middle_content":"","himss_homepage_slider_right_title":"","himss_homepage_slider_right_content":"","himss_homepage_speakers":[],"himss_homepage_infoboxes":[],"himss_homepage_logos":[],"himss_homepage_flags":[],"himss_homepage_flag_section_title":"","himss_homepage_why_title":"","himss_homepage_why_left_title":"","himss_homepage_why_left_image":false,"himss_homepage_why_left_content":"","himss_homepage_why_right_title":"","himss_homepage_why_right_image":false,"himss_homepage_why_right_content":"","himss_homepage_youtube_section_title":"","himss_homepage_youtube_section_subtitle":"","himss_homepage_youtube_section_content":"","himss_homepage_youtube_video_url":"","himss_homepage_involved_section_title":"","himss_homepage_involved_sponsorship_title":"","himss_homepage_involved_sponsorship_content":"","himss_homepage_involved_sponsorship_button_text":"","himss_homepage_involved_sponsorship_button_url":"","himss_homepage_involved_registration_title":"","himss_homepage_involved_registration_content":"","himss_homepage_involved_registration_button_text":"","himss_homepage_involved_registration_button_url":"","homepage_video_url":""},"_links":{"self":[{"href":"https:\/\/himsseurasia.com\/tr\/wp-json\/wp\/v2\/pages\/1861","targetHints":{"allow":["GET"]}}],"collection":[{"href":"https:\/\/himsseurasia.com\/tr\/wp-json\/wp\/v2\/pages"}],"about":[{"href":"https:\/\/himsseurasia.com\/tr\/wp-json\/wp\/v2\/types\/page"}],"author":[{"embeddable":true,"href":"https:\/\/himsseurasia.com\/tr\/wp-json\/wp\/v2\/users\/1"}],"replies":[{"embeddable":true,"href":"https:\/\/himsseurasia.com\/tr\/wp-json\/wp\/v2\/comments?post=1861"}],"version-history":[{"count":10,"href":"https:\/\/himsseurasia.com\/tr\/wp-json\/wp\/v2\/pages\/1861\/revisions"}],"predecessor-version":[{"id":2904,"href":"https:\/\/himsseurasia.com\/tr\/wp-json\/wp\/v2\/pages\/1861\/revisions\/2904"}],"wp:attachment":[{"href":"https:\/\/himsseurasia.com\/tr\/wp-json\/wp\/v2\/media?parent=1861"}],"curies":[{"name":"wp","href":"https:\/\/api.w.org\/{rel}","templated":true}]}}