{"id":293,"date":"2024-09-05T20:22:47","date_gmt":"2024-09-05T20:22:47","guid":{"rendered":"https:\/\/himsseurasia.com\/himss-hakkinda\/"},"modified":"2025-02-23T19:58:35","modified_gmt":"2025-02-23T19:58:35","slug":"himss-hakkinda","status":"publish","type":"page","link":"https:\/\/himsseurasia.com\/tr\/himss-hakkinda\/","title":{"rendered":"HIMSS Hakk\u0131nda"},"content":{"rendered":"","protected":false},"excerpt":{"rendered":"","protected":false},"author":1,"featured_media":0,"parent":0,"menu_order":0,"comment_status":"closed","ping_status":"closed","template":"about-himss-page.php","meta":{"footnotes":""},"class_list":["post-293","page","type-page","status-publish","hentry"],"meta_box":{"himss_overview_title_overview":"","himss_left_title":"","himss_left_subtitle":"","himss_left_description":"","himss_event_date":"","himss_event_date_list":"","himss_event_time":"","himss_event_venue":"","himss_event_organizer":"","himss_event_concurrent":"","himss_gallery_images_overview":[],"himss_overview_title_23":"","himss_overview_sub_title":"","himss_right_title":"","himss_right_subtitle":"","himss_right_description":"","himss_gallery_images":[],"himss_counter_title":"","himss_counter_first_number":"","himss_counter_first_text":"","himss_counter_second_number":"","himss_counter_second_text":"","himss_counter_third_number":"","himss_counter_third_text":"","himss_counter_fourth_number":"","himss_counter_fourth_text":"","himss_counter_fifth_number":"","himss_counter_fifth_text":"","himss_conversations_title":"","himss_conversations_first_number_title":"","himss_conversations_first_number":"","himss_conversations_first_number_text":"","himss_conversations_first_number_image":[],"himss_conversations_second_number_title":"","himss_conversations_second_number":"","himss_conversations_second_number_text":"","himss_conversations_second_number_image":[],"himss_conversations_third_number_title":"","himss_conversations_third_number":"","himss_conversations_third_number_text":"","himss_conversations_third_number_image":[],"himss_conversations_fourth_number_title":"","himss_conversations_fourth_number":"","himss_conversations_fourth_number_text":"","himss_conversations_fourth_number_image":[],"himss_broad_title":"","himss_broad_left_title":"","himss_broad_left_first_number":"","himss_broad_left_first_number_text":"","himss_broad_left_second_number":"","himss_broad_left_second_number_text":"","himss_broad_left_third_number":"","himss_broad_left_third_number_text":"","himss_broad_left_fourth_number":"","himss_broad_left_fourth_number_text":"","himss_broad_right_title":"","himss_broad_right_first_number":"","himss_broad_right_first_number_text":"","himss_broad_right_second_number":"","himss_broad_right_second_number_text":"","himss_broad_right_third_number":"","himss_broad_right_third_number_text":"","himss_broad_right_fourth_number":"","himss_broad_right_fourth_number_text":"","himss_country_title":"","himss_country_subtitle":"","himss_page_flags":[],"himss_page_reports":[],"himss_committee_title":"","himss_committee_sub_title":"","himss_committee_page_title":"","himss_committee_page_sub_title":"","himss_committee_team":[],"himss_program_overview_title":"","himss_program_overview_sub_title":"","himss_program_overview_page_title":"","himss_program_overview_page_text":"","himss_program_schedule_title":"","himss_program_schedule_sub_title":"","himss_program_schedule_page_title":"","himss_program_schedule_page_text":"","himss_program_all_session_title":"","himss_program_all_session_sub_title":"","himss_overview_title":"ABOUT HIMSS","himss_first_registration_info_title":"","himss_first_registration_info_sub_title":"","himss_first_registration_info_text":"","himss_first_registration_info_first_button_text":"","himss_first_registration_info_first_button_link":"","himss_second_registration_info_first_button_text":"","himss_second_registration_info_first_button_link":"","himss_second_registration_info_first_tab_title":"","himss_second_registration_info_first_tab_content_title":"","himss_second_registration_info_first_tab_steps":[],"himss_second_registration_info_first_tab_second_section_title":"","himss_second_registration_info_first_tab_second_section_table":[],"himss_second_registration_info_first_tab_second_section_second_table":[],"himss_second_registration_info_first_tab_second_section_text":"","himss_second_registration_info_second_tab_title":"","himss_second_registration_info_second_tab_table_row":[],"himss_second_registration_info_third_tab_title":"","himss_second_registration_info_third_tab_text":"","himss_second_registration_info_third_tab_faq":[],"himss_about_himss_title_speaker_information":"","himss_about_himss_sub_title":"","himss_speakers_information_page_title":"","himss_speakers_information_page_text":"","himss_about_himss_title_venue":"","himss_about_himss_sub_title_venue":"","himss_speakers_information_sub_title":"","himss_speakers_information_sub_text":"","himss_venue_images":[],"himss_about_himss_title_sponsor":"","himss_about_himss_sub_title_sponsor":"","himss_page_title_sponsor":"","himss_page_sub_title":"","himss_page_inquiry":"","himss_page_button_text":"","himss_page_button_link":"","himss_page_sponsors_main_title":"","himss_about_himss_title":"HIMSS HAKKINDA","himss_box_image":[{"width":150,"height":150,"file":"2024\/09\/about-himss-bg-01.jpg","filesize":123088,"sizes":{"medium":{"file":"about-himss-bg-01-300x68.jpg","width":300,"height":68,"mime-type":"image\/jpeg","filesize":4360,"url":"https:\/\/himsseurasia.com\/wp-content\/uploads\/2024\/09\/about-himss-bg-01-300x68.jpg"},"large":{"file":"about-himss-bg-01-1024x234.jpg","width":1024,"height":234,"mime-type":"image\/jpeg","filesize":23378,"url":"https:\/\/himsseurasia.com\/wp-content\/uploads\/2024\/09\/about-himss-bg-01-1024x234.jpg"},"thumbnail":{"file":"about-himss-bg-01-150x150.jpg","width":150,"height":150,"mime-type":"image\/jpeg","filesize":1605,"url":"https:\/\/himsseurasia.com\/wp-content\/uploads\/2024\/09\/about-himss-bg-01-150x150.jpg"},"medium_large":{"file":"about-himss-bg-01-768x175.jpg","width":768,"height":175,"mime-type":"image\/jpeg","filesize":15007,"url":"https:\/\/himsseurasia.com\/wp-content\/uploads\/2024\/09\/about-himss-bg-01-768x175.jpg"}},"image_meta":{"aperture":"0","credit":"","camera":"","caption":"","created_timestamp":"0","copyright":"","focal_length":"0","iso":"0","shutter_speed":"0","title":"","orientation":"0","keywords":[]},"ID":"263","name":"about-himss-bg-01.jpg","path":"\/home\/himsseurasia\/public_html\/wp-content\/uploads\/2024\/09\/about-himss-bg-01.jpg","url":"https:\/\/himsseurasia.com\/wp-content\/uploads\/2024\/09\/about-himss-bg-01-150x150.jpg","full_url":"https:\/\/himsseurasia.com\/wp-content\/uploads\/2024\/09\/about-himss-bg-01.jpg","title":"about-himss-bg-01","caption":"","description":"","alt":"","srcset":false}],"himss_box_text":"HIMSS olarak vizyonumuz, her insan\u0131n, her yerde, tam sa\u011fl\u0131k potansiyelini ger\u00e7ekle\u015ftirmesini sa\u011flamakt\u0131r. Cesaret, merak ve kararl\u0131l\u0131kla k\u00fcresel sa\u011fl\u0131k ekosistemini d\u00f6n\u00fc\u015ft\u00fcren toplulu\u011fun bir par\u00e7as\u0131 olun.","himss_box_button_text":"HIMSS Resmi Websitesi","himss_box_button_link":"https:\/\/himss.org","himss_page_title":"B\u0130Z K\u0130M\u0130Z","himss_page_text":"HIMSS, 60 y\u0131l\u0131 a\u015fk\u0131n bir s\u00fcredir k\u00fcresel sa\u011fl\u0131k toplulu\u011funa hizmet vermektedir ve Kuzey Amerika, Avrupa, Birle\u015fik Krall\u0131k, Orta Do\u011fu ve Asya-Pasifik genelinde odaklanm\u0131\u015f operasyonlarla faaliyet g\u00f6stermektedir.","himss_homepage_banner_background_image":false,"himss_homepage_banner_slogan_image":false,"himss_homepage_banner_title":"","himss_homepage_exhibit_button_text":"","himss_homepage_exhibit_button_url":"","himss_homepage_register_button_text":"","himss_homepage_register_button_url":"","himss_homepage_third_button_text":"","himss_homepage_third_button_link":"","himss_homepage_slider_left_title":"","himss_homepage_slider_left_content":"","himss_homepage_slider_middle_title":"","himss_homepage_slider_middle_content":"","himss_homepage_slider_right_title":"","himss_homepage_slider_right_content":"","himss_homepage_speakers":[],"himss_homepage_infoboxes":[],"himss_homepage_logos":[],"himss_homepage_flags":[],"himss_homepage_flag_section_title":"","himss_homepage_why_title":"","himss_homepage_why_left_title":"","himss_homepage_why_left_image":false,"himss_homepage_why_left_content":"","himss_homepage_why_right_title":"","himss_homepage_why_right_image":false,"himss_homepage_why_right_content":"","himss_homepage_youtube_section_title":"","himss_homepage_youtube_section_subtitle":"","himss_homepage_youtube_section_content":"","himss_homepage_youtube_video_url":"","himss_homepage_involved_section_title":"","himss_homepage_involved_sponsorship_title":"","himss_homepage_involved_sponsorship_content":"","himss_homepage_involved_sponsorship_button_text":"","himss_homepage_involved_sponsorship_button_url":"","himss_homepage_involved_registration_title":"","himss_homepage_involved_registration_content":"","himss_homepage_involved_registration_button_text":"","himss_homepage_involved_registration_button_url":"","homepage_video_url":""},"_links":{"self":[{"href":"https:\/\/himsseurasia.com\/tr\/wp-json\/wp\/v2\/pages\/293","targetHints":{"allow":["GET"]}}],"collection":[{"href":"https:\/\/himsseurasia.com\/tr\/wp-json\/wp\/v2\/pages"}],"about":[{"href":"https:\/\/himsseurasia.com\/tr\/wp-json\/wp\/v2\/types\/page"}],"author":[{"embeddable":true,"href":"https:\/\/himsseurasia.com\/tr\/wp-json\/wp\/v2\/users\/1"}],"replies":[{"embeddable":true,"href":"https:\/\/himsseurasia.com\/tr\/wp-json\/wp\/v2\/comments?post=293"}],"version-history":[{"count":2,"href":"https:\/\/himsseurasia.com\/tr\/wp-json\/wp\/v2\/pages\/293\/revisions"}],"predecessor-version":[{"id":1491,"href":"https:\/\/himsseurasia.com\/tr\/wp-json\/wp\/v2\/pages\/293\/revisions\/1491"}],"wp:attachment":[{"href":"https:\/\/himsseurasia.com\/tr\/wp-json\/wp\/v2\/media?parent=293"}],"curies":[{"name":"wp","href":"https:\/\/api.w.org\/{rel}","templated":true}]}}