{"id":311,"date":"2024-09-05T21:52:10","date_gmt":"2024-09-05T21:52:10","guid":{"rendered":"https:\/\/himsseurasia.com\/?page_id=311"},"modified":"2025-10-27T08:15:22","modified_gmt":"2025-10-27T08:15:22","slug":"yurutme-kurulu","status":"publish","type":"page","link":"https:\/\/himsseurasia.com\/tr\/yurutme-kurulu\/","title":{"rendered":"Y\u00fcr\u00fctme Kurulu"},"content":{"rendered":"","protected":false},"excerpt":{"rendered":"","protected":false},"author":1,"featured_media":0,"parent":0,"menu_order":0,"comment_status":"closed","ping_status":"closed","template":"committee.php","meta":{"footnotes":""},"class_list":["post-311","page","type-page","status-publish","hentry"],"meta_box":{"himss_overview_title_overview":"","himss_left_title":"","himss_left_subtitle":"","himss_left_description":"","himss_event_date":"","himss_event_date_list":"","himss_event_time":"","himss_event_venue":"","himss_event_organizer":"","himss_event_concurrent":"","himss_gallery_images_overview":[],"himss_overview_title_23":"","himss_overview_sub_title":"","himss_right_title":"","himss_right_subtitle":"","himss_right_description":"","himss_gallery_images":[],"himss_counter_title":"","himss_counter_first_number":"","himss_counter_first_text":"","himss_counter_second_number":"","himss_counter_second_text":"","himss_counter_third_number":"","himss_counter_third_text":"","himss_counter_fourth_number":"","himss_counter_fourth_text":"","himss_counter_fifth_number":"","himss_counter_fifth_text":"","himss_conversations_title":"","himss_conversations_first_number_title":"","himss_conversations_first_number":"","himss_conversations_first_number_text":"","himss_conversations_first_number_image":[],"himss_conversations_second_number_title":"","himss_conversations_second_number":"","himss_conversations_second_number_text":"","himss_conversations_second_number_image":[],"himss_conversations_third_number_title":"","himss_conversations_third_number":"","himss_conversations_third_number_text":"","himss_conversations_third_number_image":[],"himss_conversations_fourth_number_title":"","himss_conversations_fourth_number":"","himss_conversations_fourth_number_text":"","himss_conversations_fourth_number_image":[],"himss_broad_title":"","himss_broad_left_title":"","himss_broad_left_first_number":"","himss_broad_left_first_number_text":"","himss_broad_left_second_number":"","himss_broad_left_second_number_text":"","himss_broad_left_third_number":"","himss_broad_left_third_number_text":"","himss_broad_left_fourth_number":"","himss_broad_left_fourth_number_text":"","himss_broad_right_title":"","himss_broad_right_first_number":"","himss_broad_right_first_number_text":"","himss_broad_right_second_number":"","himss_broad_right_second_number_text":"","himss_broad_right_third_number":"","himss_broad_right_third_number_text":"","himss_broad_right_fourth_number":"","himss_broad_right_fourth_number_text":"","himss_country_title":"","himss_country_subtitle":"","himss_page_flags":[],"himss_page_reports":[],"himss_committee_title":"Y\u00dcR\u00dcTME KURULU","himss_committee_sub_title":"","himss_committee_page_title":"Y\u00fcr\u00fctme Komitemizi Tan\u0131t\u0131yoruz","himss_committee_page_sub_title":"Y\u00fcr\u00fctme Komitemiz, HIMSS+EURASIA Konferans\u0131 ve Fuar\u0131'n\u0131n \u015fekillendirilmesine adanm\u0131\u015f, sa\u011fl\u0131k bili\u015fimi ve sa\u011fl\u0131k sekt\u00f6r\u00fcn\u00fcn \u00f6nde gelen profesyonellerinden olu\u015fmaktad\u0131r. Teknoloji, politika ve inovasyon konusundaki uzmanl\u0131klar\u0131, etkinli\u011fin g\u00fcndemini belirleyerek, en son sa\u011fl\u0131k bili\u015fimi geli\u015fmelerini yans\u0131tmas\u0131n\u0131 sa\u011flar. Liderlikleri, konferans\u0131n sadece g\u00fcndemini belirlemekle kalmaz, ayn\u0131 zamanda k\u00fcresel sa\u011fl\u0131k inovasyonunun \u00e7e\u015fitlili\u011fini ve kapsay\u0131c\u0131l\u0131\u011f\u0131n\u0131 yans\u0131tan bir deneyim sunulmas\u0131n\u0131 da garanti eder.","himss_committee_team":[{"member_tag":"Do\u00e7. Dr. \u015euayip Birinci","member_text":"T\u00fcrkiye Cumhuriyeti Sa\u011fl\u0131k Bakan Yard\u0131mc\u0131s\u0131\r\n<br>\r\nHIMSS+EURASIA Y\u00fcr\u00fctme Komitesi Ba\u015fkan\u0131\r\n<br>\r\nT\u00fcrkiye","member_image":["216"]},{"member_tag":"Harold \u2018Hal\u2019 Wolf, III","member_text":"Ba\u015fkan & CEO<br>\r\nHIMSS<br>\r\n\r\nHIMSS+EURASIA Y\u00fcr\u00fctme Komitesi E\u015f Ba\u015fkan\u0131<br>\r\n\r\nABD","member_image":["26"]},{"member_tag":"Dr. \u00d6zg\u00fcr Sezer","member_text":"Sa\u011fl\u0131k Bilgi Sistemleri Genel M\u00fcd\u00fcr\u00fc<br>\r\nT\u00fcrkiye Cumhuriyeti Sa\u011fl\u0131k Bakanl\u0131\u011f\u0131 \r\n<br>\r\nT\u00fcrkiye\r\n","member_image":["1763"]},{"member_tag":"Prof. Dr. Ahmet Ayar","member_text":"T\u0130TCK Ba\u015fkan\u0131","member_image":["2196"]},{"member_tag":"Prof. Dr. \u00dcmit Kervan","member_text":"T\u00dcSEB (T\u00fcrkiye Sa\u011fl\u0131k Enstit\u00fcleri Ba\u015fkanl\u0131\u011f\u0131) Ba\u015fkan\u0131<br>\r\nT\u00fcrkiye Cumhuriyeti Sa\u011fl\u0131k Bakanl\u0131\u011f\u0131 <br>\r\nT\u00fcrkiye","member_image":["105"]},{"member_tag":"Ronan O'Connor","member_text":"Ba\u015fkan Yard\u0131mc\u0131s\u0131 ve EMEA Genel M\u00fcd\u00fcr\u00fc<br>\r\nHIMSS<br>\r\nBirle\u015fik Krall\u0131k","member_image":["106"]},{"member_tag":"Do\u00e7 Dr. Muhammed Demirkol","member_text":"T.C. Sa\u011fl\u0131k Bakanl\u0131\u011f\u0131 Halk Sa\u011fl\u0131\u011f\u0131 Genel M\u00fcd\u00fcr\u00fc","member_image":["733"]},{"member_tag":"Uzman Dr. Hasan Basri Velio\u011flu","member_text":"Sa\u011fl\u0131k Hizmetleri Genel M\u00fcd\u00fcr\u00fc<br>\r\nT\u00fcrkiye Cumhuriyeti Sa\u011fl\u0131k Bakanl\u0131\u011f\u0131 <br>\r\n\r\nT\u00fcrkiye","member_image":["108"]},{"member_tag":"Dr. Hakan USTA","member_text":"Kamu Hastaneleri Genel M\u00fcd\u00fcr\u00fc<br>","member_image":["2029"]},{"member_tag":"Uzman Dr. Adnan Develio\u011flu","member_text":"Bah\u00e7elievler Devlet Hastanesi Ba\u015fhekimi<br>\r\nT\u00fcrkiye Cumhuriyeti Sa\u011fl\u0131k Bakanl\u0131\u011f\u0131 <br>\r\nT\u00fcrkiye","member_image":["110"]},{"member_tag":"Dr. \u0130lker K\u00f6se","member_text":"Sa\u011fl\u0131k 4.0. CEO<br>\r\nT\u00fcrkiye","member_image":["111"]},{"member_tag":"Dr. G\u00fcrhan Zincircio\u011flu","member_text":"HIMSS Avrupa Y\u00f6netim Kurulu \u00dcyesi<br>\r\nHIMSS<br>\r\nT\u00fcrkiye","member_image":["112"]},{"member_tag":"B. Kemal Sahin","member_text":"Ekspoturk CEO<br>\r\nSAGEL Kurucu ve Y\u00f6netim Kurulu \u00dcyesi<br>\r\nSmart Hospital Kurucu & CEO","member_image":["113"]}],"himss_program_overview_title":"","himss_program_overview_sub_title":"","himss_program_overview_page_title":"","himss_program_overview_page_text":"","himss_program_schedule_title":"","himss_program_schedule_sub_title":"","himss_program_schedule_page_title":"","himss_program_schedule_page_text":"","himss_program_all_session_title":"","himss_program_all_session_sub_title":"","himss_overview_title":"","himss_first_registration_info_title":"","himss_first_registration_info_sub_title":"","himss_first_registration_info_text":"","himss_first_registration_info_first_button_text":"","himss_first_registration_info_first_button_link":"","himss_second_registration_info_first_button_text":"","himss_second_registration_info_first_button_link":"","himss_second_registration_info_first_tab_title":"","himss_second_registration_info_first_tab_content_title":"","himss_second_registration_info_first_tab_steps":[],"himss_second_registration_info_first_tab_second_section_title":"","himss_second_registration_info_first_tab_second_section_table":[],"himss_second_registration_info_first_tab_second_section_second_table":[],"himss_second_registration_info_first_tab_second_section_text":"","himss_second_registration_info_second_tab_title":"","himss_second_registration_info_second_tab_table_row":[],"himss_second_registration_info_third_tab_title":"","himss_second_registration_info_third_tab_text":"","himss_second_registration_info_third_tab_faq":[],"himss_about_himss_title_speaker_information":"","himss_about_himss_sub_title":"","himss_speakers_information_page_title":"","himss_speakers_information_page_text":"","himss_about_himss_title_venue":"","himss_about_himss_sub_title_venue":"","himss_speakers_information_sub_title":"","himss_speakers_information_sub_text":"","himss_venue_images":[],"himss_about_himss_title_sponsor":"","himss_about_himss_sub_title_sponsor":"","himss_page_title_sponsor":"","himss_page_sub_title":"","himss_page_inquiry":"","himss_page_button_text":"","himss_page_button_link":"","himss_page_sponsors_main_title":"","himss_about_himss_title":"","himss_box_image":[],"himss_box_text":"","himss_box_button_text":"","himss_box_button_link":"","himss_page_title":"","himss_page_text":"","himss_homepage_banner_background_image":false,"himss_homepage_banner_slogan_image":false,"himss_homepage_banner_title":"","himss_homepage_exhibit_button_text":"","himss_homepage_exhibit_button_url":"","himss_homepage_register_button_text":"","himss_homepage_register_button_url":"","himss_homepage_third_button_text":"","himss_homepage_third_button_link":"","himss_homepage_slider_left_title":"","himss_homepage_slider_left_content":"","himss_homepage_slider_middle_title":"","himss_homepage_slider_middle_content":"","himss_homepage_slider_right_title":"","himss_homepage_slider_right_content":"","himss_homepage_speakers":[],"himss_homepage_infoboxes":[],"himss_homepage_logos":[],"himss_homepage_flags":[],"himss_homepage_flag_section_title":"","himss_homepage_why_title":"","himss_homepage_why_left_title":"","himss_homepage_why_left_image":false,"himss_homepage_why_left_content":"","himss_homepage_why_right_title":"","himss_homepage_why_right_image":false,"himss_homepage_why_right_content":"","himss_homepage_youtube_section_title":"","himss_homepage_youtube_section_subtitle":"","himss_homepage_youtube_section_content":"","himss_homepage_youtube_video_url":"","himss_homepage_involved_section_title":"","himss_homepage_involved_sponsorship_title":"","himss_homepage_involved_sponsorship_content":"","himss_homepage_involved_sponsorship_button_text":"","himss_homepage_involved_sponsorship_button_url":"","himss_homepage_involved_registration_title":"","himss_homepage_involved_registration_content":"","himss_homepage_involved_registration_button_text":"","himss_homepage_involved_registration_button_url":"","homepage_video_url":""},"_links":{"self":[{"href":"https:\/\/himsseurasia.com\/tr\/wp-json\/wp\/v2\/pages\/311","targetHints":{"allow":["GET"]}}],"collection":[{"href":"https:\/\/himsseurasia.com\/tr\/wp-json\/wp\/v2\/pages"}],"about":[{"href":"https:\/\/himsseurasia.com\/tr\/wp-json\/wp\/v2\/types\/page"}],"author":[{"embeddable":true,"href":"https:\/\/himsseurasia.com\/tr\/wp-json\/wp\/v2\/users\/1"}],"replies":[{"embeddable":true,"href":"https:\/\/himsseurasia.com\/tr\/wp-json\/wp\/v2\/comments?post=311"}],"version-history":[{"count":2,"href":"https:\/\/himsseurasia.com\/tr\/wp-json\/wp\/v2\/pages\/311\/revisions"}],"predecessor-version":[{"id":313,"href":"https:\/\/himsseurasia.com\/tr\/wp-json\/wp\/v2\/pages\/311\/revisions\/313"}],"wp:attachment":[{"href":"https:\/\/himsseurasia.com\/tr\/wp-json\/wp\/v2\/media?parent=311"}],"curies":[{"name":"wp","href":"https:\/\/api.w.org\/{rel}","templated":true}]}}