{"id":333,"date":"2024-09-07T19:09:54","date_gmt":"2024-09-07T19:09:54","guid":{"rendered":"https:\/\/himsseurasia.com\/?page_id=333"},"modified":"2025-10-15T12:22:07","modified_gmt":"2025-10-15T12:22:07","slug":"kayit-hakkinda","status":"publish","type":"page","link":"https:\/\/himsseurasia.com\/tr\/kayit-hakkinda\/","title":{"rendered":"Kay\u0131t Hakk\u0131nda"},"content":{"rendered":"","protected":false},"excerpt":{"rendered":"","protected":false},"author":1,"featured_media":0,"parent":0,"menu_order":0,"comment_status":"closed","ping_status":"closed","template":"registration-info.php","meta":{"footnotes":""},"class_list":["post-333","page","type-page","status-publish","hentry"],"meta_box":{"himss_overview_title_overview":"","himss_left_title":"","himss_left_subtitle":"","himss_left_description":"","himss_event_date":"","himss_event_date_list":"","himss_event_time":"","himss_event_venue":"","himss_event_organizer":"","himss_event_concurrent":"","himss_gallery_images_overview":[],"himss_overview_title_23":"","himss_overview_sub_title":"","himss_right_title":"","himss_right_subtitle":"","himss_right_description":"","himss_gallery_images":[],"himss_counter_title":"","himss_counter_first_number":"","himss_counter_first_text":"","himss_counter_second_number":"","himss_counter_second_text":"","himss_counter_third_number":"","himss_counter_third_text":"","himss_counter_fourth_number":"","himss_counter_fourth_text":"","himss_counter_fifth_number":"","himss_counter_fifth_text":"","himss_conversations_title":"","himss_conversations_first_number_title":"","himss_conversations_first_number":"","himss_conversations_first_number_text":"","himss_conversations_first_number_image":[],"himss_conversations_second_number_title":"","himss_conversations_second_number":"","himss_conversations_second_number_text":"","himss_conversations_second_number_image":[],"himss_conversations_third_number_title":"","himss_conversations_third_number":"","himss_conversations_third_number_text":"","himss_conversations_third_number_image":[],"himss_conversations_fourth_number_title":"","himss_conversations_fourth_number":"","himss_conversations_fourth_number_text":"","himss_conversations_fourth_number_image":[],"himss_broad_title":"","himss_broad_left_title":"","himss_broad_left_first_number":"","himss_broad_left_first_number_text":"","himss_broad_left_second_number":"","himss_broad_left_second_number_text":"","himss_broad_left_third_number":"","himss_broad_left_third_number_text":"","himss_broad_left_fourth_number":"","himss_broad_left_fourth_number_text":"","himss_broad_right_title":"","himss_broad_right_first_number":"","himss_broad_right_first_number_text":"","himss_broad_right_second_number":"","himss_broad_right_second_number_text":"","himss_broad_right_third_number":"","himss_broad_right_third_number_text":"","himss_broad_right_fourth_number":"","himss_broad_right_fourth_number_text":"","himss_country_title":"","himss_country_subtitle":"","himss_page_flags":[],"himss_page_reports":[],"himss_committee_title":"","himss_committee_sub_title":"","himss_committee_page_title":"","himss_committee_page_sub_title":"","himss_committee_team":[],"himss_program_overview_title":"","himss_program_overview_sub_title":"","himss_program_overview_page_title":"","himss_program_overview_page_text":"","himss_program_schedule_title":"","himss_program_schedule_sub_title":"","himss_program_schedule_page_title":"","himss_program_schedule_page_text":"","himss_program_all_session_title":"","himss_program_all_session_sub_title":"","himss_overview_title":"KAYIT HAKKINDA","himss_first_registration_info_title":"HIMSS Eurasia i\u00e7in Dijital Sa\u011fl\u0131k ve Yeniliklerle Antalya\u2019da Bulu\u015fuyoruz","himss_first_registration_info_sub_title":"Sa\u011fl\u0131k teknolojisindeki yenilikleri g\u00f6rmek, e\u011fitimlere kat\u0131lmak, nitelikli network elde etmek i\u00e7in \u00f6zenle haz\u0131rlanan programa kat\u0131l\u0131n! Yapay zeka, KVKK, Evde Sa\u011fl\u0131k gibi konu ve konuklar\u0131 buradan takip edin! \u0130lham verici k\u00fcresel d\u00fc\u015f\u00fcnce liderleri toplulu\u011fumuza #HIMSSEURASIA'da kat\u0131l\u0131n ve sa\u011fl\u0131kta e\u015fitlik i\u00e7in dijital sa\u011fl\u0131\u011f\u0131n geli\u015fimini HIMSS EURASIA'da yeriniz al\u0131n!","himss_first_registration_info_text":"<p>\u203b T\u00fcrkiye ve Global ziyaret\u00e7iler i\u00e7in \u00f6deme y\u00f6ntemleri farkl\u0131l\u0131k g\u00f6stermektedir. \u0130\u015fleminize devam etmek i\u00e7in l\u00fctfen uygun butona t\u0131klay\u0131n.<br \/>\n\u203b T\u00fcrk ziyaret\u00e7iler i\u00e7in \u00f6demeler EURO olarak yap\u0131lacak olup, belirtilen tutar, \u00f6nceki g\u00fcn\u00fcn d\u00f6viz kuru esas al\u0131narak EURO cinsinden yans\u0131t\u0131lacakt\u0131r.<br \/>\n\u203b T\u00fcm konferans oturumlar\u0131 i\u00e7in e\u015fzamanl\u0131 \u0130ngilizce - T\u00fcrk\u00e7e \u00e7eviri hizmeti sa\u011flanacakt\u0131r.<br \/>\n<strong>\u203b Grup kay\u0131tlar\u0131 veya banka havalesiyle ilgili sorular\u0131n\u0131z i\u00e7in l\u00fctfen Sekretarya ile ileti\u015fime ge\u00e7in: \u2018info@ekspoturk.com\u2019<\/strong><\/p>\n<p><!-- custom --><\/p>\n<div class=\"image-grid\">\n<div class=\"image-item\"><\/div>\n<\/div>\n","himss_first_registration_info_first_button_text":"Kay\u0131t \u0130\u00e7in Buraya T\u0131klay\u0131n","himss_first_registration_info_first_button_link":"https:\/\/himsseurasia.com\/himss2025\/register.php","himss_second_registration_info_first_button_text":"T.C. Sa\u011fl\u0131k Bakanl\u0131\u011f\u0131 Kat\u0131l\u0131m Yaz\u0131s\u0131","himss_second_registration_info_first_button_link":"https:\/\/himsseurasia.com\/wp-content\/uploads\/2024\/11\/HIMSS-Eurasia-Saglik-Bilisimi-ve-Teknolojileri-Egitimi-Konferans-ve-Fuari-1.pdf","himss_second_registration_info_first_tab_title":"B\u0130LG\u0130","himss_second_registration_info_first_tab_content_title":"Nas\u0131l Kay\u0131t Olunur?","himss_second_registration_info_first_tab_steps":[{"himss_second_registration_info_first_tab_step_title":"ADIM 1","himss_second_registration_info_first_tab_step_text":"Bilgilerinizi doldurun ve \u00e7evrimi\u00e7i portal\u0131m\u0131z \u00fczerinden kaydolun."},{"himss_second_registration_info_first_tab_step_title":"ADIM 2","himss_second_registration_info_first_tab_step_text":"Kay\u0131tl\u0131 e-posta adresinize g\u00f6nderilen Onay E-postas\u0131n\u0131 kontrol ederek kayd\u0131n\u0131z\u0131 do\u011frulay\u0131n."},{"himss_second_registration_info_first_tab_step_title":"ADIM 3","himss_second_registration_info_first_tab_step_text":"Fiziksel giri\u015f kart\u0131n\u0131z\u0131 etkinlik alan\u0131ndaki Kay\u0131t Masas\u0131ndan al\u0131n."},{"himss_second_registration_info_first_tab_step_title":"ADIM 4","himss_second_registration_info_first_tab_step_text":"HIMSS EURASIA'ya kat\u0131lmaya haz\u0131rs\u0131n\u0131z!"}],"himss_second_registration_info_first_tab_second_section_title":"KAYIT F\u0130YATLARI (EURO)","himss_second_registration_info_first_tab_second_section_table":[{"himss_second_registration_info_first_tab_second_section_table_title":"Sa\u011fl\u0131k Bakanl\u0131\u011f\u0131","himss_second_registration_info_first_tab_second_section_table_price_discounted":"-","himss_second_registration_info_first_tab_second_section_table_price":"\u20ac790.00 (Single) - \u20ac1,042.00 (Double)"},{"himss_second_registration_info_first_tab_second_section_table_title":"\u00d6zel Hastane ve \u00dcniversite Hastanesi, Sponsor Firma, Akademi","himss_second_registration_info_first_tab_second_section_table_price_discounted":"-","himss_second_registration_info_first_tab_second_section_table_price":"\u20ac890.00 (Single) - \u20ac1,150.00 (Double)"},{"himss_second_registration_info_first_tab_second_section_table_title":"Sponsor Olmayan Firma","himss_second_registration_info_first_tab_second_section_table_price_discounted":"-","himss_second_registration_info_first_tab_second_section_table_price":"\u20ac4,900.00 (Single) - \u20ac5,600.00 (Double)"},{"himss_second_registration_info_first_tab_second_section_table_title":"Yabanc\u0131 Kat\u0131l\u0131mc\u0131","himss_second_registration_info_first_tab_second_section_table_price_discounted":"-","himss_second_registration_info_first_tab_second_section_table_price":"\u20ac2,450.00 (Single) - \u20ac3,115.00 (Double)"}],"himss_second_registration_info_first_tab_second_section_second_table":[{"himss_second_registration_info_first_tab_second_section_second_table_title":"Sa\u011fl\u0131k Bakanl\u0131\u011f\u0131","himss_second_registration_info_first_tab_second_section_second_table_price_discounted":"\u20ac400.00","himss_second_registration_info_first_tab_second_section_second_table_price":"-"},{"himss_second_registration_info_first_tab_second_section_second_table_title":"\u00d6zel Hastane ve \u00dcniversite Hastanesi, Sponsor Firma, Akademi","himss_second_registration_info_first_tab_second_section_second_table_price_discounted":"\u20ac400.00","himss_second_registration_info_first_tab_second_section_second_table_price":"-"},{"himss_second_registration_info_first_tab_second_section_second_table_title":"Sponsor Olmayan Firma","himss_second_registration_info_first_tab_second_section_second_table_price_discounted":"\u20ac3,750.00","himss_second_registration_info_first_tab_second_section_second_table_price":"-"},{"himss_second_registration_info_first_tab_second_section_second_table_title":"Yabanc\u0131 Kat\u0131l\u0131mc\u0131","himss_second_registration_info_first_tab_second_section_second_table_price_discounted":"\u20ac2,050.00","himss_second_registration_info_first_tab_second_section_second_table_price":"-"}],"himss_second_registration_info_first_tab_second_section_text":"<div class=\"flex-shrink-0 flex flex-col relative items-end\">\n<div class=\"pt-0\">\n<div class=\"gizmo-bot-avatar flex h-8 w-8 items-center justify-center overflow-hidden rounded-full\">\n<div class=\"relative p-1 rounded-sm flex items-center justify-center bg-token-main-surface-primary text-token-text-primary h-8 w-8\">\n<p><strong>Otele giri\u015fler 26 Kas\u0131m 14:00 itibariyle olup \u00e7\u0131k\u0131\u015flar 29 Kas\u0131m 12:00'da yap\u0131lacakt\u0131r.<\/strong><\/p>\n<hr \/>\n<p>Sa\u011fl\u0131k Bakanl\u0131\u011f\u0131'ndan konaklama yapmayacak olan kat\u0131l\u0131mc\u0131lar i\u00e7in\u00a0 kay\u0131t \u00fccreti al\u0131nmayacakt\u0131r; ancak, yaln\u0131zca organizasyon hizmetleri (g\u00fcnl\u00fck \u00f6\u011fle yeme\u011fi ve iki kahve molas\u0131) i\u00e7in 400 Euro \u00fccret al\u0131nacakt\u0131r.<\/p>\n<hr \/>\n<\/div>\n<p class=\"fusion-responsive-typography-calculated\" data-fontsize=\"30\" data-lineheight=\"39px\">Transfer ile ilgili herhangi bir sorunuz olmas\u0131 durumunda yetkili irtibat <strong>\u0130lkay Ayd\u0131n <a href=\"tel:905337232370\">+90 533 723 23 70<\/a><\/strong><\/p>\n<div class=\"relative p-1 rounded-sm flex items-center justify-center bg-token-main-surface-primary text-token-text-primary h-8 w-8\">\n<p><strong>TRANSFER:<\/strong> Antalya Havaliman\u0131 ile Etkinlik Otelleri kapsam\u0131nda transfer hizmeti sunuyoruz. Transfer talebinde bulunmak isterseniz, a\u015fa\u011f\u0131daki formu eksiksiz doldurunuz.<\/p>\n<p><a href=\"https:\/\/himsseurasia.com\/tr\/transfer-formu\/\"><strong>HIMSS'25 Transfer Formu<\/strong><\/a><\/p>\n<hr \/>\n<p>Kay\u0131t i\u015flemleri tamamen dijital olarak yap\u0131lmakta olup, ard\u0131ndan kay\u0131t olan ki\u015fiye bir onay e-postas\u0131 g\u00f6nderilmektedir. Kay\u0131t ile ilgili herhangi bir sorunuz varsa, <strong>info@ekspoturk.com<\/strong> adresine e-posta g\u00f6nderebilir veya +90 312 922 07 94 numaral\u0131 telefondan bize ula\u015fabilirsiniz.<\/p>\n<\/div>\n<\/div>\n<\/div>\n<\/div>\n","himss_second_registration_info_second_tab_title":"TAKV\u0130M","himss_second_registration_info_second_tab_table_row":[{"himss_second_registration_info_second_tab_table_row_title":"BA\u015eLIK","himss_second_registration_info_second_tab_table_row_text":"SA\u011eLIK B\u0130L\u0130\u015e\u0130M\u0130 VE TEKNOLOJ\u0130LER\u0130 E\u011e\u0130T\u0130M\u0130, KONFERANSI VE FUARI"},{"himss_second_registration_info_second_tab_table_row_title":"TAR\u0130H","himss_second_registration_info_second_tab_table_row_text":"27-29 Kas\u0131m 2025"},{"himss_second_registration_info_second_tab_table_row_title":"KONUM","himss_second_registration_info_second_tab_table_row_text":"Susesi Luxury Resort, Belek"},{"himss_second_registration_info_second_tab_table_row_title":"ORGAN\u0130ZAT\u00d6R","himss_second_registration_info_second_tab_table_row_text":"Ekspoturk"}],"himss_second_registration_info_third_tab_title":"SSS","himss_second_registration_info_third_tab_text":"","himss_second_registration_info_third_tab_faq":[{"himss_second_registration_info_third_tab_faq_question":"Etkinlik Konumu","himss_second_registration_info_third_tab_faq_answer":"<a href=\"https:\/\/www.susesihotel.com\/\" target=\"_blank\" rel=\"noopener\"><img class=\"aligncenter wp-image-156 size-full\" src=\"https:\/\/himsseurasia.com\/wp-content\/uploads\/2024\/09\/unnamed.png\" alt=\"\" width=\"199\" height=\"100\" \/><\/a>"},{"himss_second_registration_info_third_tab_faq_question":"Sunumlar\u0131 tekrar izleme f\u0131rsat\u0131m olacak m\u0131?","himss_second_registration_info_third_tab_faq_answer":"Evet! T\u00fcm sunumlar, etkinlikten bir ay sonra Eventrise ve YouTube'a y\u00fcklenecektir."},{"himss_second_registration_info_third_tab_faq_question":"Yaka kart\u0131m\u0131 nas\u0131l alabilirim?","himss_second_registration_info_third_tab_faq_answer":"Ekibimiz, giri\u015f alan\u0131ndaki kay\u0131t masas\u0131nda yaka kart\u0131n\u0131z\u0131 teslim etmek i\u00e7in sizi bekliyor olacak."}],"himss_about_himss_title_speaker_information":"","himss_about_himss_sub_title":"","himss_speakers_information_page_title":"","himss_speakers_information_page_text":"","himss_about_himss_title_venue":"","himss_about_himss_sub_title_venue":"","himss_speakers_information_sub_title":"","himss_speakers_information_sub_text":"","himss_venue_images":[],"himss_about_himss_title_sponsor":"","himss_about_himss_sub_title_sponsor":"","himss_page_title_sponsor":"","himss_page_sub_title":"","himss_page_inquiry":"","himss_page_button_text":"","himss_page_button_link":"","himss_page_sponsors_main_title":"","himss_about_himss_title":"","himss_box_image":[],"himss_box_text":"","himss_box_button_text":"","himss_box_button_link":"","himss_page_title":"","himss_page_text":"","himss_homepage_banner_background_image":false,"himss_homepage_banner_slogan_image":false,"himss_homepage_banner_title":"","himss_homepage_exhibit_button_text":"","himss_homepage_exhibit_button_url":"","himss_homepage_register_button_text":"","himss_homepage_register_button_url":"","himss_homepage_third_button_text":"","himss_homepage_third_button_link":"","himss_homepage_slider_left_title":"","himss_homepage_slider_left_content":"","himss_homepage_slider_middle_title":"","himss_homepage_slider_middle_content":"","himss_homepage_slider_right_title":"","himss_homepage_slider_right_content":"","himss_homepage_speakers":[],"himss_homepage_infoboxes":[],"himss_homepage_logos":[],"himss_homepage_flags":[],"himss_homepage_flag_section_title":"","himss_homepage_why_title":"","himss_homepage_why_left_title":"","himss_homepage_why_left_image":false,"himss_homepage_why_left_content":"","himss_homepage_why_right_title":"","himss_homepage_why_right_image":false,"himss_homepage_why_right_content":"","himss_homepage_youtube_section_title":"","himss_homepage_youtube_section_subtitle":"","himss_homepage_youtube_section_content":"","himss_homepage_youtube_video_url":"","himss_homepage_involved_section_title":"","himss_homepage_involved_sponsorship_title":"","himss_homepage_involved_sponsorship_content":"","himss_homepage_involved_sponsorship_button_text":"","himss_homepage_involved_sponsorship_button_url":"","himss_homepage_involved_registration_title":"","himss_homepage_involved_registration_content":"","himss_homepage_involved_registration_button_text":"","himss_homepage_involved_registration_button_url":"","homepage_video_url":""},"_links":{"self":[{"href":"https:\/\/himsseurasia.com\/tr\/wp-json\/wp\/v2\/pages\/333","targetHints":{"allow":["GET"]}}],"collection":[{"href":"https:\/\/himsseurasia.com\/tr\/wp-json\/wp\/v2\/pages"}],"about":[{"href":"https:\/\/himsseurasia.com\/tr\/wp-json\/wp\/v2\/types\/page"}],"author":[{"embeddable":true,"href":"https:\/\/himsseurasia.com\/tr\/wp-json\/wp\/v2\/users\/1"}],"replies":[{"embeddable":true,"href":"https:\/\/himsseurasia.com\/tr\/wp-json\/wp\/v2\/comments?post=333"}],"version-history":[{"count":2,"href":"https:\/\/himsseurasia.com\/tr\/wp-json\/wp\/v2\/pages\/333\/revisions"}],"predecessor-version":[{"id":1189,"href":"https:\/\/himsseurasia.com\/tr\/wp-json\/wp\/v2\/pages\/333\/revisions\/1189"}],"wp:attachment":[{"href":"https:\/\/himsseurasia.com\/tr\/wp-json\/wp\/v2\/media?parent=333"}],"curies":[{"name":"wp","href":"https:\/\/api.w.org\/{rel}","templated":true}]}}