{"id":337,"date":"2024-09-09T10:43:27","date_gmt":"2024-09-09T10:43:27","guid":{"rendered":"https:\/\/himsseurasia.com\/konusmaci-bilgileri\/"},"modified":"2024-11-18T11:14:05","modified_gmt":"2024-11-18T11:14:05","slug":"konusmaci-bilgileri","status":"publish","type":"page","link":"https:\/\/himsseurasia.com\/tr\/konusmaci-bilgileri\/","title":{"rendered":"Konu\u015fmac\u0131 Bilgileri"},"content":{"rendered":"","protected":false},"excerpt":{"rendered":"","protected":false},"author":1,"featured_media":0,"parent":0,"menu_order":0,"comment_status":"closed","ping_status":"closed","template":"speakers-information.php","meta":{"footnotes":""},"class_list":["post-337","page","type-page","status-publish","hentry"],"meta_box":{"himss_overview_title_overview":"","himss_left_title":"","himss_left_subtitle":"","himss_left_description":"","himss_event_date":"","himss_event_date_list":"","himss_event_time":"","himss_event_venue":"","himss_event_organizer":"","himss_event_concurrent":"","himss_gallery_images_overview":[],"himss_overview_title_23":"","himss_overview_sub_title":"","himss_right_title":"","himss_right_subtitle":"","himss_right_description":"","himss_gallery_images":[],"himss_counter_title":"","himss_counter_first_number":"","himss_counter_first_text":"","himss_counter_second_number":"","himss_counter_second_text":"","himss_counter_third_number":"","himss_counter_third_text":"","himss_counter_fourth_number":"","himss_counter_fourth_text":"","himss_counter_fifth_number":"","himss_counter_fifth_text":"","himss_conversations_title":"","himss_conversations_first_number_title":"","himss_conversations_first_number":"","himss_conversations_first_number_text":"","himss_conversations_first_number_image":[],"himss_conversations_second_number_title":"","himss_conversations_second_number":"","himss_conversations_second_number_text":"","himss_conversations_second_number_image":[],"himss_conversations_third_number_title":"","himss_conversations_third_number":"","himss_conversations_third_number_text":"","himss_conversations_third_number_image":[],"himss_conversations_fourth_number_title":"","himss_conversations_fourth_number":"","himss_conversations_fourth_number_text":"","himss_conversations_fourth_number_image":[],"himss_broad_title":"","himss_broad_left_title":"","himss_broad_left_first_number":"","himss_broad_left_first_number_text":"","himss_broad_left_second_number":"","himss_broad_left_second_number_text":"","himss_broad_left_third_number":"","himss_broad_left_third_number_text":"","himss_broad_left_fourth_number":"","himss_broad_left_fourth_number_text":"","himss_broad_right_title":"","himss_broad_right_first_number":"","himss_broad_right_first_number_text":"","himss_broad_right_second_number":"","himss_broad_right_second_number_text":"","himss_broad_right_third_number":"","himss_broad_right_third_number_text":"","himss_broad_right_fourth_number":"","himss_broad_right_fourth_number_text":"","himss_country_title":"","himss_country_subtitle":"","himss_page_flags":[],"himss_page_reports":[],"himss_committee_title":"","himss_committee_sub_title":"","himss_committee_page_title":"","himss_committee_page_sub_title":"","himss_committee_team":[],"himss_program_overview_title":"","himss_program_overview_sub_title":"","himss_program_overview_page_title":"","himss_program_overview_page_text":"","himss_program_schedule_title":"","himss_program_schedule_sub_title":"","himss_program_schedule_page_title":"","himss_program_schedule_page_text":"","himss_program_all_session_title":"","himss_program_all_session_sub_title":"","himss_overview_title":"","himss_first_registration_info_title":"","himss_first_registration_info_sub_title":"","himss_first_registration_info_text":"","himss_first_registration_info_first_button_text":"","himss_first_registration_info_first_button_link":"","himss_second_registration_info_first_button_text":"","himss_second_registration_info_first_button_link":"","himss_second_registration_info_first_tab_title":"","himss_second_registration_info_first_tab_content_title":"","himss_second_registration_info_first_tab_steps":[],"himss_second_registration_info_first_tab_second_section_title":"","himss_second_registration_info_first_tab_second_section_table":[],"himss_second_registration_info_first_tab_second_section_second_table":[],"himss_second_registration_info_first_tab_second_section_text":"","himss_second_registration_info_second_tab_title":"","himss_second_registration_info_second_tab_table_row":[],"himss_second_registration_info_third_tab_title":"","himss_second_registration_info_third_tab_text":"","himss_second_registration_info_third_tab_faq":[],"himss_about_himss_title_speaker_information":"KONU\u015eMACI B\u0130LG\u0130LER\u0130","himss_about_himss_sub_title":"","himss_speakers_information_page_title":"Sayg\u0131de\u011fer Konu\u015fmac\u0131lar\u0131m\u0131zla Tan\u0131\u015f\u0131n","himss_speakers_information_page_text":"HIMSS EURASIA'da, sa\u011fl\u0131k teknolojisindeki en son geli\u015fmeler hakk\u0131nda derinlemesine bilgi ve g\u00f6r\u00fc\u015flerini payla\u015facak olan se\u00e7kin konu\u015fmac\u0131larla tan\u0131\u015f\u0131n. Her konu\u015fmac\u0131n\u0131n sa\u011fl\u0131k alan\u0131ndaki gelece\u011fi \u015fekillendirmedeki deneyimlerini ve uzmanl\u0131klar\u0131n\u0131 \u00f6\u011frenin.","himss_about_himss_title_venue":"","himss_about_himss_sub_title_venue":"","himss_speakers_information_sub_title":"Meet Our Esteemed Speakers","himss_speakers_information_sub_text":"Meet the distinguished speakers at HIMSS EURASIA, a dynamic group of experts and leaders who will share their in-depth knowledge and insights on the latest advancements in healthcare technology. Learn more about each speaker\u2019s background and expertise in shaping the future of healthcare.","himss_venue_images":[],"himss_about_himss_title_sponsor":"","himss_about_himss_sub_title_sponsor":"","himss_page_title_sponsor":"","himss_page_sub_title":"","himss_page_inquiry":"","himss_page_button_text":"","himss_page_button_link":"","himss_page_sponsors_main_title":"","himss_about_himss_title":"SPEAKERS INFORMATION","himss_box_image":[],"himss_box_text":"","himss_box_button_text":"","himss_box_button_link":"","himss_page_title":"","himss_page_text":"","himss_homepage_banner_background_image":false,"himss_homepage_banner_slogan_image":false,"himss_homepage_banner_title":"","himss_homepage_exhibit_button_text":"","himss_homepage_exhibit_button_url":"","himss_homepage_register_button_text":"","himss_homepage_register_button_url":"","himss_homepage_third_button_text":"","himss_homepage_third_button_link":"","himss_homepage_slider_left_title":"","himss_homepage_slider_left_content":"","himss_homepage_slider_middle_title":"","himss_homepage_slider_middle_content":"","himss_homepage_slider_right_title":"","himss_homepage_slider_right_content":"","himss_homepage_speakers":[],"himss_homepage_infoboxes":[],"himss_homepage_logos":[],"himss_homepage_flags":[],"himss_homepage_flag_section_title":"","himss_homepage_why_title":"","himss_homepage_why_left_title":"","himss_homepage_why_left_image":false,"himss_homepage_why_left_content":"","himss_homepage_why_right_title":"","himss_homepage_why_right_image":false,"himss_homepage_why_right_content":"","himss_homepage_youtube_section_title":"","himss_homepage_youtube_section_subtitle":"","himss_homepage_youtube_section_content":"","himss_homepage_youtube_video_url":"","himss_homepage_involved_section_title":"","himss_homepage_involved_sponsorship_title":"","himss_homepage_involved_sponsorship_content":"","himss_homepage_involved_sponsorship_button_text":"","himss_homepage_involved_sponsorship_button_url":"","himss_homepage_involved_registration_title":"","himss_homepage_involved_registration_content":"","himss_homepage_involved_registration_button_text":"","himss_homepage_involved_registration_button_url":"","homepage_video_url":""},"_links":{"self":[{"href":"https:\/\/himsseurasia.com\/tr\/wp-json\/wp\/v2\/pages\/337","targetHints":{"allow":["GET"]}}],"collection":[{"href":"https:\/\/himsseurasia.com\/tr\/wp-json\/wp\/v2\/pages"}],"about":[{"href":"https:\/\/himsseurasia.com\/tr\/wp-json\/wp\/v2\/types\/page"}],"author":[{"embeddable":true,"href":"https:\/\/himsseurasia.com\/tr\/wp-json\/wp\/v2\/users\/1"}],"replies":[{"embeddable":true,"href":"https:\/\/himsseurasia.com\/tr\/wp-json\/wp\/v2\/comments?post=337"}],"version-history":[{"count":1,"href":"https:\/\/himsseurasia.com\/tr\/wp-json\/wp\/v2\/pages\/337\/revisions"}],"predecessor-version":[{"id":338,"href":"https:\/\/himsseurasia.com\/tr\/wp-json\/wp\/v2\/pages\/337\/revisions\/338"}],"wp:attachment":[{"href":"https:\/\/himsseurasia.com\/tr\/wp-json\/wp\/v2\/media?parent=337"}],"curies":[{"name":"wp","href":"https:\/\/api.w.org\/{rel}","templated":true}]}}